{"id":1173,"date":"2017-01-03T22:41:23","date_gmt":"2017-01-03T22:41:23","guid":{"rendered":"http:\/\/www.xn--nrdoteket-l8a.dk\/?page_id=1173"},"modified":"2021-02-19T07:20:50","modified_gmt":"2021-02-19T06:20:50","slug":"forsendelser","status":"publish","type":"page","link":"https:\/\/noerdoteket.dk\/index.php\/forsendelser\/","title":{"rendered":"Forsendelser"},"content":{"rendered":"<p>Det sker, at jeg anmelder dimser &#8211; og i de tilf\u00e6lde er det typisk m\u00e5leinstrumenter eller andet grej, som jeg f.eks. i forbindelse med mit professionelle liv har haft mulighed for at bruge\/lege med.<\/p>\n<p><strong>Til seere\/l\u00e6sere:<\/strong><\/p>\n<p>Har du en bizar eller sjov dims, som du mener det kunne v\u00e6re sjovt, at jeg viser og skiller ad i en video s\u00e5 send den til nedenst\u00e5ende adresse. Har du et produkt, som er fejlet &#8211; eller mist\u00e6nker du at det er usikkert\/farligt, s\u00e5 vil jeg meget gerne kaste et kritisk blik p\u00e5 det.<\/p>\n<p>Husk at l\u00e6gge en seddel ved, som forklarer lidt om dimsen &#8211; og skriv i noten, hvis du ikke vil have, at jeg n\u00e6vner dit navn.<\/p>\n<p><strong>Til producenter:\u00a0<\/strong><\/p>\n<p>Skulle en\u00a0producent have lyst til, at jeg kigger p\u00e5 et apparat\/instrument, s\u00e5 send det til nedenst\u00e5ende adresse, men bem\u00e6rk,\u00a0at f\u00f8lgende vilk\u00e5r g\u00e6lder:<\/p>\n<ol>\n<li>Jeg siger min mening, r\u00e5t for us\u00f8det.<\/li>\n<li>Det skal v\u00e6re et produkt, som ligger inden for mit interessefelt, s\u00e5 send gerne en <a href=\"mailto:steen@garbers.dk\">email<\/a> up-front.<\/li>\n<li>Returforsendelse er for jeres regning<\/li>\n<li>Siger I at jeg m\u00e5 beholde apparatet efterf\u00f8lgende, s\u00e5 siger jeg tak, men det vil ikke have indflydelse p\u00e5 hvad jeg siger om apparatet.<\/li>\n<\/ol>\n<p><strong>Dimser sendes til:<\/strong><\/p>\n<p>N\u00f8rd&#8217;o&#8217;teket, c\/o Steen Garbers Enevoldsen<\/p>\n<p>Jakob Knudsens Vej 3<\/p>\n<p>3460 Birker\u00f8d<\/p>\n","protected":false},"excerpt":{"rendered":"<p>Det sker, at jeg anmelder dimser &#8211; og i de tilf\u00e6lde er det typisk m\u00e5leinstrumenter eller andet grej, som jeg f.eks. i forbindelse med mit professionelle liv har haft mulighed for at bruge\/lege med. Til seere\/l\u00e6sere: Har du en bizar eller sjov dims, som du mener det kunne v\u00e6re sjovt, at jeg viser og skiller &hellip; <a href=\"https:\/\/noerdoteket.dk\/index.php\/forsendelser\/\" class=\"more-link\">L\u00e6s videre<span class=\"screen-reader-text\"> &#8220;Forsendelser&#8221;<\/span><\/a><\/p>\n","protected":false},"author":1,"featured_media":0,"parent":0,"menu_order":0,"comment_status":"closed","ping_status":"closed","template":"","meta":{"footnotes":""},"class_list":["post-1173","page","type-page","status-publish","hentry"],"yoast_head":"<!-- This site is optimized with the Yoast SEO plugin v25.8 - https:\/\/yoast.com\/wordpress\/plugins\/seo\/ -->\n<title>Forsendelser - N\u00f8rd&#039;o&#039;teket<\/title>\n<meta name=\"robots\" content=\"index, follow, max-snippet:-1, max-image-preview:large, max-video-preview:-1\" \/>\n<link rel=\"canonical\" href=\"https:\/\/noerdoteket.dk\/index.php\/forsendelser\/\" \/>\n<meta property=\"og:locale\" content=\"da_DK\" \/>\n<meta property=\"og:type\" content=\"article\" \/>\n<meta property=\"og:title\" content=\"Forsendelser - N\u00f8rd&#039;o&#039;teket\" \/>\n<meta property=\"og:description\" content=\"Det sker, at jeg anmelder dimser &#8211; og i de tilf\u00e6lde er det typisk m\u00e5leinstrumenter eller andet grej, som jeg f.eks. i forbindelse med mit professionelle liv har haft mulighed for at bruge\/lege med. Til seere\/l\u00e6sere: Har du en bizar eller sjov dims, som du mener det kunne v\u00e6re sjovt, at jeg viser og skiller &hellip; L\u00e6s videre &quot;Forsendelser&quot;\" \/>\n<meta property=\"og:url\" content=\"https:\/\/noerdoteket.dk\/index.php\/forsendelser\/\" \/>\n<meta property=\"og:site_name\" content=\"N\u00f8rd&#039;o&#039;teket\" \/>\n<meta property=\"article:modified_time\" content=\"2021-02-19T06:20:50+00:00\" \/>\n<meta name=\"twitter:card\" content=\"summary_large_image\" \/>\n<meta name=\"twitter:label1\" content=\"Estimeret l\u00e6setid\" \/>\n\t<meta name=\"twitter:data1\" content=\"1 minut\" \/>\n<script type=\"application\/ld+json\" class=\"yoast-schema-graph\">{\"@context\":\"https:\/\/schema.org\",\"@graph\":[{\"@type\":\"WebPage\",\"@id\":\"https:\/\/noerdoteket.dk\/index.php\/forsendelser\/\",\"url\":\"https:\/\/noerdoteket.dk\/index.php\/forsendelser\/\",\"name\":\"Forsendelser - N\u00f8rd&#039;o&#039;teket\",\"isPartOf\":{\"@id\":\"https:\/\/noerdoteket.dk\/#website\"},\"datePublished\":\"2017-01-03T22:41:23+00:00\",\"dateModified\":\"2021-02-19T06:20:50+00:00\",\"breadcrumb\":{\"@id\":\"https:\/\/noerdoteket.dk\/index.php\/forsendelser\/#breadcrumb\"},\"inLanguage\":\"da-DK\",\"potentialAction\":[{\"@type\":\"ReadAction\",\"target\":[\"https:\/\/noerdoteket.dk\/index.php\/forsendelser\/\"]}]},{\"@type\":\"BreadcrumbList\",\"@id\":\"https:\/\/noerdoteket.dk\/index.php\/forsendelser\/#breadcrumb\",\"itemListElement\":[{\"@type\":\"ListItem\",\"position\":1,\"name\":\"Hjem\",\"item\":\"https:\/\/noerdoteket.dk\/\"},{\"@type\":\"ListItem\",\"position\":2,\"name\":\"Forsendelser\"}]},{\"@type\":\"WebSite\",\"@id\":\"https:\/\/noerdoteket.dk\/#website\",\"url\":\"https:\/\/noerdoteket.dk\/\",\"name\":\"N\u00f8rd&#039;o&#039;teket\",\"description\":\"L\u00f8st og fast om teknologi og dimser\",\"potentialAction\":[{\"@type\":\"SearchAction\",\"target\":{\"@type\":\"EntryPoint\",\"urlTemplate\":\"https:\/\/noerdoteket.dk\/?s={search_term_string}\"},\"query-input\":{\"@type\":\"PropertyValueSpecification\",\"valueRequired\":true,\"valueName\":\"search_term_string\"}}],\"inLanguage\":\"da-DK\"}]}<\/script>\n<!-- \/ Yoast SEO plugin. -->","yoast_head_json":{"title":"Forsendelser - N\u00f8rd&#039;o&#039;teket","robots":{"index":"index","follow":"follow","max-snippet":"max-snippet:-1","max-image-preview":"max-image-preview:large","max-video-preview":"max-video-preview:-1"},"canonical":"https:\/\/noerdoteket.dk\/index.php\/forsendelser\/","og_locale":"da_DK","og_type":"article","og_title":"Forsendelser - N\u00f8rd&#039;o&#039;teket","og_description":"Det sker, at jeg anmelder dimser &#8211; og i de tilf\u00e6lde er det typisk m\u00e5leinstrumenter eller andet grej, som jeg f.eks. i forbindelse med mit professionelle liv har haft mulighed for at bruge\/lege med. Til seere\/l\u00e6sere: Har du en bizar eller sjov dims, som du mener det kunne v\u00e6re sjovt, at jeg viser og skiller &hellip; L\u00e6s videre \"Forsendelser\"","og_url":"https:\/\/noerdoteket.dk\/index.php\/forsendelser\/","og_site_name":"N\u00f8rd&#039;o&#039;teket","article_modified_time":"2021-02-19T06:20:50+00:00","twitter_card":"summary_large_image","twitter_misc":{"Estimeret l\u00e6setid":"1 minut"},"schema":{"@context":"https:\/\/schema.org","@graph":[{"@type":"WebPage","@id":"https:\/\/noerdoteket.dk\/index.php\/forsendelser\/","url":"https:\/\/noerdoteket.dk\/index.php\/forsendelser\/","name":"Forsendelser - N\u00f8rd&#039;o&#039;teket","isPartOf":{"@id":"https:\/\/noerdoteket.dk\/#website"},"datePublished":"2017-01-03T22:41:23+00:00","dateModified":"2021-02-19T06:20:50+00:00","breadcrumb":{"@id":"https:\/\/noerdoteket.dk\/index.php\/forsendelser\/#breadcrumb"},"inLanguage":"da-DK","potentialAction":[{"@type":"ReadAction","target":["https:\/\/noerdoteket.dk\/index.php\/forsendelser\/"]}]},{"@type":"BreadcrumbList","@id":"https:\/\/noerdoteket.dk\/index.php\/forsendelser\/#breadcrumb","itemListElement":[{"@type":"ListItem","position":1,"name":"Hjem","item":"https:\/\/noerdoteket.dk\/"},{"@type":"ListItem","position":2,"name":"Forsendelser"}]},{"@type":"WebSite","@id":"https:\/\/noerdoteket.dk\/#website","url":"https:\/\/noerdoteket.dk\/","name":"N\u00f8rd&#039;o&#039;teket","description":"L\u00f8st og fast om teknologi og dimser","potentialAction":[{"@type":"SearchAction","target":{"@type":"EntryPoint","urlTemplate":"https:\/\/noerdoteket.dk\/?s={search_term_string}"},"query-input":{"@type":"PropertyValueSpecification","valueRequired":true,"valueName":"search_term_string"}}],"inLanguage":"da-DK"}]}},"_links":{"self":[{"href":"https:\/\/noerdoteket.dk\/index.php\/wp-json\/wp\/v2\/pages\/1173","targetHints":{"allow":["GET"]}}],"collection":[{"href":"https:\/\/noerdoteket.dk\/index.php\/wp-json\/wp\/v2\/pages"}],"about":[{"href":"https:\/\/noerdoteket.dk\/index.php\/wp-json\/wp\/v2\/types\/page"}],"author":[{"embeddable":true,"href":"https:\/\/noerdoteket.dk\/index.php\/wp-json\/wp\/v2\/users\/1"}],"replies":[{"embeddable":true,"href":"https:\/\/noerdoteket.dk\/index.php\/wp-json\/wp\/v2\/comments?post=1173"}],"version-history":[{"count":12,"href":"https:\/\/noerdoteket.dk\/index.php\/wp-json\/wp\/v2\/pages\/1173\/revisions"}],"predecessor-version":[{"id":2387,"href":"https:\/\/noerdoteket.dk\/index.php\/wp-json\/wp\/v2\/pages\/1173\/revisions\/2387"}],"wp:attachment":[{"href":"https:\/\/noerdoteket.dk\/index.php\/wp-json\/wp\/v2\/media?parent=1173"}],"curies":[{"name":"wp","href":"https:\/\/api.w.org\/{rel}","templated":true}]}}