{"id":1289,"date":"2017-02-28T19:56:39","date_gmt":"2017-02-28T19:56:39","guid":{"rendered":"http:\/\/www.xn--nrdoteket-l8a.dk\/?page_id=1289"},"modified":"2017-11-26T19:18:13","modified_gmt":"2017-11-26T19:18:13","slug":"tusind-tak","status":"publish","type":"page","link":"https:\/\/noerdoteket.dk\/index.php\/tusind-tak\/","title":{"rendered":"Tusind tak!"},"content":{"rendered":"<p>Tusind tak for at du har valgt at st\u00f8tte N\u00f8rd&#8217;o&#8217;teket!<\/p>\n<p>&nbsp;<\/p>\n<p>&nbsp;<\/p>\n","protected":false},"excerpt":{"rendered":"<p>Tusind tak for at du har valgt at st\u00f8tte N\u00f8rd&#8217;o&#8217;teket! &nbsp; &nbsp;<\/p>\n","protected":false},"author":1,"featured_media":0,"parent":0,"menu_order":0,"comment_status":"closed","ping_status":"closed","template":"","meta":{"footnotes":""},"class_list":["post-1289","page","type-page","status-publish","hentry"],"yoast_head":"<!-- This site is optimized with the Yoast SEO plugin v25.8 - https:\/\/yoast.com\/wordpress\/plugins\/seo\/ -->\n<title>Tusind tak! - N\u00f8rd&#039;o&#039;teket<\/title>\n<meta name=\"robots\" content=\"index, follow, max-snippet:-1, max-image-preview:large, max-video-preview:-1\" \/>\n<link rel=\"canonical\" href=\"https:\/\/noerdoteket.dk\/index.php\/tusind-tak\/\" \/>\n<meta property=\"og:locale\" content=\"da_DK\" \/>\n<meta property=\"og:type\" content=\"article\" \/>\n<meta property=\"og:title\" content=\"Tusind tak! - N\u00f8rd&#039;o&#039;teket\" \/>\n<meta property=\"og:description\" content=\"Tusind tak for at du har valgt at st\u00f8tte N\u00f8rd&#8217;o&#8217;teket! &nbsp; &nbsp;\" \/>\n<meta property=\"og:url\" content=\"https:\/\/noerdoteket.dk\/index.php\/tusind-tak\/\" \/>\n<meta property=\"og:site_name\" content=\"N\u00f8rd&#039;o&#039;teket\" \/>\n<meta property=\"article:modified_time\" content=\"2017-11-26T19:18:13+00:00\" \/>\n<meta name=\"twitter:card\" content=\"summary_large_image\" \/>\n<script type=\"application\/ld+json\" class=\"yoast-schema-graph\">{\"@context\":\"https:\/\/schema.org\",\"@graph\":[{\"@type\":\"WebPage\",\"@id\":\"https:\/\/noerdoteket.dk\/index.php\/tusind-tak\/\",\"url\":\"https:\/\/noerdoteket.dk\/index.php\/tusind-tak\/\",\"name\":\"Tusind tak! - N\u00f8rd&#039;o&#039;teket\",\"isPartOf\":{\"@id\":\"https:\/\/noerdoteket.dk\/#website\"},\"datePublished\":\"2017-02-28T19:56:39+00:00\",\"dateModified\":\"2017-11-26T19:18:13+00:00\",\"breadcrumb\":{\"@id\":\"https:\/\/noerdoteket.dk\/index.php\/tusind-tak\/#breadcrumb\"},\"inLanguage\":\"da-DK\",\"potentialAction\":[{\"@type\":\"ReadAction\",\"target\":[\"https:\/\/noerdoteket.dk\/index.php\/tusind-tak\/\"]}]},{\"@type\":\"BreadcrumbList\",\"@id\":\"https:\/\/noerdoteket.dk\/index.php\/tusind-tak\/#breadcrumb\",\"itemListElement\":[{\"@type\":\"ListItem\",\"position\":1,\"name\":\"Hjem\",\"item\":\"https:\/\/noerdoteket.dk\/\"},{\"@type\":\"ListItem\",\"position\":2,\"name\":\"Tusind tak!\"}]},{\"@type\":\"WebSite\",\"@id\":\"https:\/\/noerdoteket.dk\/#website\",\"url\":\"https:\/\/noerdoteket.dk\/\",\"name\":\"N\u00f8rd&#039;o&#039;teket\",\"description\":\"L\u00f8st og fast om teknologi og dimser\",\"potentialAction\":[{\"@type\":\"SearchAction\",\"target\":{\"@type\":\"EntryPoint\",\"urlTemplate\":\"https:\/\/noerdoteket.dk\/?s={search_term_string}\"},\"query-input\":{\"@type\":\"PropertyValueSpecification\",\"valueRequired\":true,\"valueName\":\"search_term_string\"}}],\"inLanguage\":\"da-DK\"}]}<\/script>\n<!-- \/ Yoast SEO plugin. -->","yoast_head_json":{"title":"Tusind tak! - N\u00f8rd&#039;o&#039;teket","robots":{"index":"index","follow":"follow","max-snippet":"max-snippet:-1","max-image-preview":"max-image-preview:large","max-video-preview":"max-video-preview:-1"},"canonical":"https:\/\/noerdoteket.dk\/index.php\/tusind-tak\/","og_locale":"da_DK","og_type":"article","og_title":"Tusind tak! - N\u00f8rd&#039;o&#039;teket","og_description":"Tusind tak for at du har valgt at st\u00f8tte N\u00f8rd&#8217;o&#8217;teket! &nbsp; &nbsp;","og_url":"https:\/\/noerdoteket.dk\/index.php\/tusind-tak\/","og_site_name":"N\u00f8rd&#039;o&#039;teket","article_modified_time":"2017-11-26T19:18:13+00:00","twitter_card":"summary_large_image","schema":{"@context":"https:\/\/schema.org","@graph":[{"@type":"WebPage","@id":"https:\/\/noerdoteket.dk\/index.php\/tusind-tak\/","url":"https:\/\/noerdoteket.dk\/index.php\/tusind-tak\/","name":"Tusind tak! - N\u00f8rd&#039;o&#039;teket","isPartOf":{"@id":"https:\/\/noerdoteket.dk\/#website"},"datePublished":"2017-02-28T19:56:39+00:00","dateModified":"2017-11-26T19:18:13+00:00","breadcrumb":{"@id":"https:\/\/noerdoteket.dk\/index.php\/tusind-tak\/#breadcrumb"},"inLanguage":"da-DK","potentialAction":[{"@type":"ReadAction","target":["https:\/\/noerdoteket.dk\/index.php\/tusind-tak\/"]}]},{"@type":"BreadcrumbList","@id":"https:\/\/noerdoteket.dk\/index.php\/tusind-tak\/#breadcrumb","itemListElement":[{"@type":"ListItem","position":1,"name":"Hjem","item":"https:\/\/noerdoteket.dk\/"},{"@type":"ListItem","position":2,"name":"Tusind tak!"}]},{"@type":"WebSite","@id":"https:\/\/noerdoteket.dk\/#website","url":"https:\/\/noerdoteket.dk\/","name":"N\u00f8rd&#039;o&#039;teket","description":"L\u00f8st og fast om teknologi og dimser","potentialAction":[{"@type":"SearchAction","target":{"@type":"EntryPoint","urlTemplate":"https:\/\/noerdoteket.dk\/?s={search_term_string}"},"query-input":{"@type":"PropertyValueSpecification","valueRequired":true,"valueName":"search_term_string"}}],"inLanguage":"da-DK"}]}},"_links":{"self":[{"href":"https:\/\/noerdoteket.dk\/index.php\/wp-json\/wp\/v2\/pages\/1289","targetHints":{"allow":["GET"]}}],"collection":[{"href":"https:\/\/noerdoteket.dk\/index.php\/wp-json\/wp\/v2\/pages"}],"about":[{"href":"https:\/\/noerdoteket.dk\/index.php\/wp-json\/wp\/v2\/types\/page"}],"author":[{"embeddable":true,"href":"https:\/\/noerdoteket.dk\/index.php\/wp-json\/wp\/v2\/users\/1"}],"replies":[{"embeddable":true,"href":"https:\/\/noerdoteket.dk\/index.php\/wp-json\/wp\/v2\/comments?post=1289"}],"version-history":[{"count":3,"href":"https:\/\/noerdoteket.dk\/index.php\/wp-json\/wp\/v2\/pages\/1289\/revisions"}],"predecessor-version":[{"id":1564,"href":"https:\/\/noerdoteket.dk\/index.php\/wp-json\/wp\/v2\/pages\/1289\/revisions\/1564"}],"wp:attachment":[{"href":"https:\/\/noerdoteket.dk\/index.php\/wp-json\/wp\/v2\/media?parent=1289"}],"curies":[{"name":"wp","href":"https:\/\/api.w.org\/{rel}","templated":true}]}}