{"id":1437,"date":"2017-08-27T19:27:21","date_gmt":"2017-08-27T19:27:21","guid":{"rendered":"http:\/\/www.n\u00f8rdoteket.dk\/?page_id=1437"},"modified":"2017-08-31T17:30:18","modified_gmt":"2017-08-31T17:30:18","slug":"overvaagningskameraer-sammenligning-af-kvalitet","status":"publish","type":"page","link":"https:\/\/noerdoteket.dk\/index.php\/overvaagningskameraer-sammenligning-af-kvalitet\/","title":{"rendered":"Overv\u00e5gningskameraer: sammenligning af kvalitet"},"content":{"rendered":"<p>&nbsp;<\/p>\n<p>NB: Klik p\u00e5 billederne for at se versionen i fuld opl\u00f8sning<\/p>\n<p>&nbsp;<\/p>\n<p><strong>Test#1: God belysning. En arkitektlampe skinner direkte p\u00e5 mig<\/strong><\/p>\n<figure id=\"attachment_1439\" aria-describedby=\"caption-attachment-1439\" style=\"width: 840px\" class=\"wp-caption aligncenter\"><a href=\"http:\/\/www.n\u00f8rdoteket.dk\/index.php\/overvaagningskameraer-sammenligning-af-kvalitet\/rpi_cam_godt_lys\/\" rel=\"attachment wp-att-1439\"><img loading=\"lazy\" decoding=\"async\" class=\"wp-image-1439 size-large\" src=\"http:\/\/www.n\u00f8rdoteket.dk\/wp-content\/uploads\/2017\/08\/rpi_cam_godt_lys-1024x769.jpg\" alt=\"\" width=\"840\" height=\"631\" srcset=\"https:\/\/noerdoteket.dk\/wp-content\/uploads\/2017\/08\/rpi_cam_godt_lys-1024x769.jpg 1024w, https:\/\/noerdoteket.dk\/wp-content\/uploads\/2017\/08\/rpi_cam_godt_lys-300x225.jpg 300w, https:\/\/noerdoteket.dk\/wp-content\/uploads\/2017\/08\/rpi_cam_godt_lys-768x577.jpg 768w, https:\/\/noerdoteket.dk\/wp-content\/uploads\/2017\/08\/rpi_cam_godt_lys-1200x901.jpg 1200w, https:\/\/noerdoteket.dk\/wp-content\/uploads\/2017\/08\/rpi_cam_godt_lys.jpg 1438w\" sizes=\"auto, (max-width: 709px) 85vw, (max-width: 909px) 67vw, (max-width: 1362px) 62vw, 840px\" \/><\/a><figcaption id=\"caption-attachment-1439\" class=\"wp-caption-text\">GDS kamera<\/figcaption><\/figure>\n<figure id=\"attachment_1442\" aria-describedby=\"caption-attachment-1442\" style=\"width: 840px\" class=\"wp-caption aligncenter\"><img loading=\"lazy\" decoding=\"async\" class=\"wp-image-1442 size-large\" src=\"http:\/\/www.n\u00f8rdoteket.dk\/wp-content\/uploads\/2017\/08\/ubnt_g3_godt_lys-1024x565.png\" alt=\"\" width=\"840\" height=\"463\" srcset=\"https:\/\/noerdoteket.dk\/wp-content\/uploads\/2017\/08\/ubnt_g3_godt_lys-1024x565.png 1024w, https:\/\/noerdoteket.dk\/wp-content\/uploads\/2017\/08\/ubnt_g3_godt_lys-300x166.png 300w, https:\/\/noerdoteket.dk\/wp-content\/uploads\/2017\/08\/ubnt_g3_godt_lys-768x424.png 768w, https:\/\/noerdoteket.dk\/wp-content\/uploads\/2017\/08\/ubnt_g3_godt_lys-1200x662.png 1200w, https:\/\/noerdoteket.dk\/wp-content\/uploads\/2017\/08\/ubnt_g3_godt_lys.png 1920w\" sizes=\"auto, (max-width: 709px) 85vw, (max-width: 909px) 67vw, (max-width: 1362px) 62vw, 840px\" \/><figcaption id=\"caption-attachment-1442\" class=\"wp-caption-text\">Ubiquiti G3<\/figcaption><\/figure>\n<figure id=\"attachment_1453\" aria-describedby=\"caption-attachment-1453\" style=\"width: 320px\" class=\"wp-caption aligncenter\"><a href=\"http:\/\/www.n\u00f8rdoteket.dk\/wp-content\/uploads\/2017\/08\/453702714_Z03_2017-08-27_160800_01.jpg\"><img loading=\"lazy\" decoding=\"async\" class=\"wp-image-1453 size-full\" src=\"http:\/\/www.n\u00f8rdoteket.dk\/wp-content\/uploads\/2017\/08\/453702714_Z03_2017-08-27_160800_01.jpg\" alt=\"\" width=\"320\" height=\"240\" srcset=\"https:\/\/noerdoteket.dk\/wp-content\/uploads\/2017\/08\/453702714_Z03_2017-08-27_160800_01.jpg 320w, https:\/\/noerdoteket.dk\/wp-content\/uploads\/2017\/08\/453702714_Z03_2017-08-27_160800_01-300x225.jpg 300w\" sizes=\"auto, (max-width: 320px) 85vw, 320px\" \/><\/a><figcaption id=\"caption-attachment-1453\" class=\"wp-caption-text\">Blaupunkt Q3200 PIR-cam sensor<\/figcaption><\/figure>\n<p><strong>Test#2: Middel belysning. Rummet er oplyst, men jeg er i modlys.<\/strong><\/p>\n<figure id=\"attachment_1441\" aria-describedby=\"caption-attachment-1441\" style=\"width: 840px\" class=\"wp-caption aligncenter\"><img loading=\"lazy\" decoding=\"async\" class=\"wp-image-1441 size-large\" src=\"http:\/\/www.n\u00f8rdoteket.dk\/wp-content\/uploads\/2017\/08\/rpi_cam_middel_lys-1024x769.jpg\" alt=\"\" width=\"840\" height=\"631\" srcset=\"https:\/\/noerdoteket.dk\/wp-content\/uploads\/2017\/08\/rpi_cam_middel_lys-1024x769.jpg 1024w, https:\/\/noerdoteket.dk\/wp-content\/uploads\/2017\/08\/rpi_cam_middel_lys-300x225.jpg 300w, https:\/\/noerdoteket.dk\/wp-content\/uploads\/2017\/08\/rpi_cam_middel_lys-768x577.jpg 768w, https:\/\/noerdoteket.dk\/wp-content\/uploads\/2017\/08\/rpi_cam_middel_lys-1200x901.jpg 1200w, https:\/\/noerdoteket.dk\/wp-content\/uploads\/2017\/08\/rpi_cam_middel_lys.jpg 1438w\" sizes=\"auto, (max-width: 709px) 85vw, (max-width: 909px) 67vw, (max-width: 1362px) 62vw, 840px\" \/><figcaption id=\"caption-attachment-1441\" class=\"wp-caption-text\">GDS kamera<\/figcaption><\/figure>\n<figure id=\"attachment_1438\" aria-describedby=\"caption-attachment-1438\" style=\"width: 3837px\" class=\"wp-caption aligncenter\"><a href=\"http:\/\/www.n\u00f8rdoteket.dk\/wp-content\/uploads\/2017\/08\/ubnt_middel_lys.png\"><img loading=\"lazy\" decoding=\"async\" class=\"wp-image-1438 size-full\" src=\"http:\/\/www.n\u00f8rdoteket.dk\/wp-content\/uploads\/2017\/08\/ubnt_middel_lys.png\" alt=\"\" width=\"3837\" height=\"2126\" srcset=\"https:\/\/noerdoteket.dk\/wp-content\/uploads\/2017\/08\/ubnt_middel_lys.png 1920w, https:\/\/noerdoteket.dk\/wp-content\/uploads\/2017\/08\/ubnt_middel_lys-300x166.png 300w, https:\/\/noerdoteket.dk\/wp-content\/uploads\/2017\/08\/ubnt_middel_lys-768x426.png 768w, https:\/\/noerdoteket.dk\/wp-content\/uploads\/2017\/08\/ubnt_middel_lys-1024x567.png 1024w, https:\/\/noerdoteket.dk\/wp-content\/uploads\/2017\/08\/ubnt_middel_lys-1200x665.png 1200w\" sizes=\"auto, (max-width: 709px) 85vw, (max-width: 909px) 67vw, (max-width: 1362px) 62vw, 840px\" \/><\/a><figcaption id=\"caption-attachment-1438\" class=\"wp-caption-text\">Ubiquiti G3<\/figcaption><\/figure>\n<figure id=\"attachment_1451\" aria-describedby=\"caption-attachment-1451\" style=\"width: 320px\" class=\"wp-caption aligncenter\"><a href=\"http:\/\/www.n\u00f8rdoteket.dk\/wp-content\/uploads\/2017\/08\/453702714_Z03_2017-08-27_160909_01.jpg\"><img loading=\"lazy\" decoding=\"async\" class=\"size-full wp-image-1451\" src=\"http:\/\/www.n\u00f8rdoteket.dk\/wp-content\/uploads\/2017\/08\/453702714_Z03_2017-08-27_160909_01.jpg\" alt=\"\" width=\"320\" height=\"240\" srcset=\"https:\/\/noerdoteket.dk\/wp-content\/uploads\/2017\/08\/453702714_Z03_2017-08-27_160909_01.jpg 320w, https:\/\/noerdoteket.dk\/wp-content\/uploads\/2017\/08\/453702714_Z03_2017-08-27_160909_01-300x225.jpg 300w\" sizes=\"auto, (max-width: 320px) 85vw, 320px\" \/><\/a><figcaption id=\"caption-attachment-1451\" class=\"wp-caption-text\">Blaupunkt Q3200 PIR-cam sensor<\/figcaption><\/figure>\n<p><strong>Test#3: Lav belysning. Rummet er m\u00f8rkt.<\/strong><\/p>\n<figure id=\"attachment_1440\" aria-describedby=\"caption-attachment-1440\" style=\"width: 840px\" class=\"wp-caption aligncenter\"><a href=\"http:\/\/www.n\u00f8rdoteket.dk\/index.php\/overvaagningskameraer-sammenligning-af-kvalitet\/rpi_cam_lav_lys\/\" rel=\"attachment wp-att-1440\"><img loading=\"lazy\" decoding=\"async\" class=\"wp-image-1440 size-large\" src=\"http:\/\/www.n\u00f8rdoteket.dk\/wp-content\/uploads\/2017\/08\/rpi_cam_lav_lys-1024x769.jpg\" alt=\"\" width=\"840\" height=\"631\" srcset=\"https:\/\/noerdoteket.dk\/wp-content\/uploads\/2017\/08\/rpi_cam_lav_lys-1024x769.jpg 1024w, https:\/\/noerdoteket.dk\/wp-content\/uploads\/2017\/08\/rpi_cam_lav_lys-300x225.jpg 300w, https:\/\/noerdoteket.dk\/wp-content\/uploads\/2017\/08\/rpi_cam_lav_lys-768x577.jpg 768w, https:\/\/noerdoteket.dk\/wp-content\/uploads\/2017\/08\/rpi_cam_lav_lys-1200x901.jpg 1200w, https:\/\/noerdoteket.dk\/wp-content\/uploads\/2017\/08\/rpi_cam_lav_lys.jpg 1438w\" sizes=\"auto, (max-width: 709px) 85vw, (max-width: 909px) 67vw, (max-width: 1362px) 62vw, 840px\" \/><\/a><figcaption id=\"caption-attachment-1440\" class=\"wp-caption-text\">GDS kamera<\/figcaption><\/figure>\n<figure id=\"attachment_1443\" aria-describedby=\"caption-attachment-1443\" style=\"width: 840px\" class=\"wp-caption aligncenter\"><a href=\"http:\/\/www.n\u00f8rdoteket.dk\/index.php\/overvaagningskameraer-sammenligning-af-kvalitet\/ubnt_lav_lys\/\" rel=\"attachment wp-att-1443\"><img loading=\"lazy\" decoding=\"async\" class=\"wp-image-1443 size-large\" src=\"http:\/\/www.n\u00f8rdoteket.dk\/wp-content\/uploads\/2017\/08\/ubnt_lav_lys-1024x567.png\" alt=\"\" width=\"840\" height=\"465\" srcset=\"https:\/\/noerdoteket.dk\/wp-content\/uploads\/2017\/08\/ubnt_lav_lys-1024x567.png 1024w, https:\/\/noerdoteket.dk\/wp-content\/uploads\/2017\/08\/ubnt_lav_lys-300x166.png 300w, https:\/\/noerdoteket.dk\/wp-content\/uploads\/2017\/08\/ubnt_lav_lys-768x425.png 768w, https:\/\/noerdoteket.dk\/wp-content\/uploads\/2017\/08\/ubnt_lav_lys-1200x664.png 1200w, https:\/\/noerdoteket.dk\/wp-content\/uploads\/2017\/08\/ubnt_lav_lys.png 1920w\" sizes=\"auto, (max-width: 709px) 85vw, (max-width: 909px) 67vw, (max-width: 1362px) 62vw, 840px\" \/><\/a><figcaption id=\"caption-attachment-1443\" class=\"wp-caption-text\">Ubiquiti G3<\/figcaption><\/figure>\n<figure id=\"attachment_1452\" aria-describedby=\"caption-attachment-1452\" style=\"width: 320px\" class=\"wp-caption aligncenter\"><a href=\"http:\/\/www.n\u00f8rdoteket.dk\/wp-content\/uploads\/2017\/08\/453702714_Z03_2017-08-27_160944_01.jpg\"><img loading=\"lazy\" decoding=\"async\" class=\"size-full wp-image-1452\" src=\"http:\/\/www.n\u00f8rdoteket.dk\/wp-content\/uploads\/2017\/08\/453702714_Z03_2017-08-27_160944_01.jpg\" alt=\"\" width=\"320\" height=\"240\" srcset=\"https:\/\/noerdoteket.dk\/wp-content\/uploads\/2017\/08\/453702714_Z03_2017-08-27_160944_01.jpg 320w, https:\/\/noerdoteket.dk\/wp-content\/uploads\/2017\/08\/453702714_Z03_2017-08-27_160944_01-300x225.jpg 300w\" sizes=\"auto, (max-width: 320px) 85vw, 320px\" \/><\/a><figcaption id=\"caption-attachment-1452\" class=\"wp-caption-text\">Blaupunkt Q3200 PIR-cam sensor &#8211; Bem\u00e6rk kameraet er bestykket med synligt lys LED, ikke IR LED.<\/figcaption><\/figure>\n","protected":false},"excerpt":{"rendered":"<p>&nbsp; NB: Klik p\u00e5 billederne for at se versionen i fuld opl\u00f8sning &nbsp; Test#1: God belysning. En arkitektlampe skinner direkte p\u00e5 mig Test#2: Middel belysning. Rummet er oplyst, men jeg er i modlys. Test#3: Lav belysning. Rummet er m\u00f8rkt.<\/p>\n","protected":false},"author":1,"featured_media":0,"parent":0,"menu_order":0,"comment_status":"closed","ping_status":"closed","template":"","meta":{"footnotes":""},"class_list":["post-1437","page","type-page","status-publish","hentry"],"yoast_head":"<!-- This site is optimized with the Yoast SEO plugin v25.8 - https:\/\/yoast.com\/wordpress\/plugins\/seo\/ -->\n<title>Overv\u00e5gningskameraer: sammenligning af kvalitet - N\u00f8rd&#039;o&#039;teket<\/title>\n<meta name=\"robots\" content=\"index, follow, max-snippet:-1, max-image-preview:large, max-video-preview:-1\" \/>\n<link rel=\"canonical\" href=\"https:\/\/noerdoteket.dk\/index.php\/overvaagningskameraer-sammenligning-af-kvalitet\/\" \/>\n<meta property=\"og:locale\" content=\"da_DK\" \/>\n<meta property=\"og:type\" content=\"article\" \/>\n<meta property=\"og:title\" content=\"Overv\u00e5gningskameraer: sammenligning af kvalitet - N\u00f8rd&#039;o&#039;teket\" \/>\n<meta property=\"og:description\" content=\"&nbsp; NB: Klik p\u00e5 billederne for at se versionen i fuld opl\u00f8sning &nbsp; Test#1: God belysning. En arkitektlampe skinner direkte p\u00e5 mig Test#2: Middel belysning. Rummet er oplyst, men jeg er i modlys. Test#3: Lav belysning. Rummet er m\u00f8rkt.\" \/>\n<meta property=\"og:url\" content=\"https:\/\/noerdoteket.dk\/index.php\/overvaagningskameraer-sammenligning-af-kvalitet\/\" \/>\n<meta property=\"og:site_name\" content=\"N\u00f8rd&#039;o&#039;teket\" \/>\n<meta property=\"article:modified_time\" content=\"2017-08-31T17:30:18+00:00\" \/>\n<meta property=\"og:image\" content=\"http:\/\/www.n\u00f8rdoteket.dk\/wp-content\/uploads\/2017\/08\/rpi_cam_godt_lys-1024x769.jpg\" \/>\n<meta name=\"twitter:card\" content=\"summary_large_image\" \/>\n<meta name=\"twitter:label1\" content=\"Estimeret l\u00e6setid\" \/>\n\t<meta name=\"twitter:data1\" content=\"1 minut\" \/>\n<script type=\"application\/ld+json\" class=\"yoast-schema-graph\">{\"@context\":\"https:\/\/schema.org\",\"@graph\":[{\"@type\":\"WebPage\",\"@id\":\"https:\/\/noerdoteket.dk\/index.php\/overvaagningskameraer-sammenligning-af-kvalitet\/\",\"url\":\"https:\/\/noerdoteket.dk\/index.php\/overvaagningskameraer-sammenligning-af-kvalitet\/\",\"name\":\"Overv\u00e5gningskameraer: sammenligning af kvalitet - N\u00f8rd&#039;o&#039;teket\",\"isPartOf\":{\"@id\":\"https:\/\/noerdoteket.dk\/#website\"},\"datePublished\":\"2017-08-27T19:27:21+00:00\",\"dateModified\":\"2017-08-31T17:30:18+00:00\",\"breadcrumb\":{\"@id\":\"https:\/\/noerdoteket.dk\/index.php\/overvaagningskameraer-sammenligning-af-kvalitet\/#breadcrumb\"},\"inLanguage\":\"da-DK\",\"potentialAction\":[{\"@type\":\"ReadAction\",\"target\":[\"https:\/\/noerdoteket.dk\/index.php\/overvaagningskameraer-sammenligning-af-kvalitet\/\"]}]},{\"@type\":\"BreadcrumbList\",\"@id\":\"https:\/\/noerdoteket.dk\/index.php\/overvaagningskameraer-sammenligning-af-kvalitet\/#breadcrumb\",\"itemListElement\":[{\"@type\":\"ListItem\",\"position\":1,\"name\":\"Hjem\",\"item\":\"https:\/\/noerdoteket.dk\/\"},{\"@type\":\"ListItem\",\"position\":2,\"name\":\"Overv\u00e5gningskameraer: sammenligning af kvalitet\"}]},{\"@type\":\"WebSite\",\"@id\":\"https:\/\/noerdoteket.dk\/#website\",\"url\":\"https:\/\/noerdoteket.dk\/\",\"name\":\"N\u00f8rd&#039;o&#039;teket\",\"description\":\"L\u00f8st og fast om teknologi og dimser\",\"potentialAction\":[{\"@type\":\"SearchAction\",\"target\":{\"@type\":\"EntryPoint\",\"urlTemplate\":\"https:\/\/noerdoteket.dk\/?s={search_term_string}\"},\"query-input\":{\"@type\":\"PropertyValueSpecification\",\"valueRequired\":true,\"valueName\":\"search_term_string\"}}],\"inLanguage\":\"da-DK\"}]}<\/script>\n<!-- \/ Yoast SEO plugin. -->","yoast_head_json":{"title":"Overv\u00e5gningskameraer: sammenligning af kvalitet - N\u00f8rd&#039;o&#039;teket","robots":{"index":"index","follow":"follow","max-snippet":"max-snippet:-1","max-image-preview":"max-image-preview:large","max-video-preview":"max-video-preview:-1"},"canonical":"https:\/\/noerdoteket.dk\/index.php\/overvaagningskameraer-sammenligning-af-kvalitet\/","og_locale":"da_DK","og_type":"article","og_title":"Overv\u00e5gningskameraer: sammenligning af kvalitet - N\u00f8rd&#039;o&#039;teket","og_description":"&nbsp; NB: Klik p\u00e5 billederne for at se versionen i fuld opl\u00f8sning &nbsp; Test#1: God belysning. En arkitektlampe skinner direkte p\u00e5 mig Test#2: Middel belysning. Rummet er oplyst, men jeg er i modlys. Test#3: Lav belysning. Rummet er m\u00f8rkt.","og_url":"https:\/\/noerdoteket.dk\/index.php\/overvaagningskameraer-sammenligning-af-kvalitet\/","og_site_name":"N\u00f8rd&#039;o&#039;teket","article_modified_time":"2017-08-31T17:30:18+00:00","og_image":[{"url":"http:\/\/www.n\u00f8rdoteket.dk\/wp-content\/uploads\/2017\/08\/rpi_cam_godt_lys-1024x769.jpg","type":"","width":"","height":""}],"twitter_card":"summary_large_image","twitter_misc":{"Estimeret l\u00e6setid":"1 minut"},"schema":{"@context":"https:\/\/schema.org","@graph":[{"@type":"WebPage","@id":"https:\/\/noerdoteket.dk\/index.php\/overvaagningskameraer-sammenligning-af-kvalitet\/","url":"https:\/\/noerdoteket.dk\/index.php\/overvaagningskameraer-sammenligning-af-kvalitet\/","name":"Overv\u00e5gningskameraer: sammenligning af kvalitet - N\u00f8rd&#039;o&#039;teket","isPartOf":{"@id":"https:\/\/noerdoteket.dk\/#website"},"datePublished":"2017-08-27T19:27:21+00:00","dateModified":"2017-08-31T17:30:18+00:00","breadcrumb":{"@id":"https:\/\/noerdoteket.dk\/index.php\/overvaagningskameraer-sammenligning-af-kvalitet\/#breadcrumb"},"inLanguage":"da-DK","potentialAction":[{"@type":"ReadAction","target":["https:\/\/noerdoteket.dk\/index.php\/overvaagningskameraer-sammenligning-af-kvalitet\/"]}]},{"@type":"BreadcrumbList","@id":"https:\/\/noerdoteket.dk\/index.php\/overvaagningskameraer-sammenligning-af-kvalitet\/#breadcrumb","itemListElement":[{"@type":"ListItem","position":1,"name":"Hjem","item":"https:\/\/noerdoteket.dk\/"},{"@type":"ListItem","position":2,"name":"Overv\u00e5gningskameraer: sammenligning af kvalitet"}]},{"@type":"WebSite","@id":"https:\/\/noerdoteket.dk\/#website","url":"https:\/\/noerdoteket.dk\/","name":"N\u00f8rd&#039;o&#039;teket","description":"L\u00f8st og fast om teknologi og dimser","potentialAction":[{"@type":"SearchAction","target":{"@type":"EntryPoint","urlTemplate":"https:\/\/noerdoteket.dk\/?s={search_term_string}"},"query-input":{"@type":"PropertyValueSpecification","valueRequired":true,"valueName":"search_term_string"}}],"inLanguage":"da-DK"}]}},"_links":{"self":[{"href":"https:\/\/noerdoteket.dk\/index.php\/wp-json\/wp\/v2\/pages\/1437","targetHints":{"allow":["GET"]}}],"collection":[{"href":"https:\/\/noerdoteket.dk\/index.php\/wp-json\/wp\/v2\/pages"}],"about":[{"href":"https:\/\/noerdoteket.dk\/index.php\/wp-json\/wp\/v2\/types\/page"}],"author":[{"embeddable":true,"href":"https:\/\/noerdoteket.dk\/index.php\/wp-json\/wp\/v2\/users\/1"}],"replies":[{"embeddable":true,"href":"https:\/\/noerdoteket.dk\/index.php\/wp-json\/wp\/v2\/comments?post=1437"}],"version-history":[{"count":6,"href":"https:\/\/noerdoteket.dk\/index.php\/wp-json\/wp\/v2\/pages\/1437\/revisions"}],"predecessor-version":[{"id":1455,"href":"https:\/\/noerdoteket.dk\/index.php\/wp-json\/wp\/v2\/pages\/1437\/revisions\/1455"}],"wp:attachment":[{"href":"https:\/\/noerdoteket.dk\/index.php\/wp-json\/wp\/v2\/media?parent=1437"}],"curies":[{"name":"wp","href":"https:\/\/api.w.org\/{rel}","templated":true}]}}