{"id":146,"date":"2015-09-05T11:54:07","date_gmt":"2015-09-05T11:54:07","guid":{"rendered":"http:\/\/www.xn--nrdoteket-l8a.dk\/?page_id=146"},"modified":"2017-08-14T12:52:54","modified_gmt":"2017-08-14T12:52:54","slug":"om-steen-garbers-enevoldsen","status":"publish","type":"page","link":"https:\/\/noerdoteket.dk\/index.php\/om-steen-garbers-enevoldsen\/","title":{"rendered":"Om Steen Garbers Enevoldsen"},"content":{"rendered":"<p>Mit navn er Steen Garbers Enevoldsen, jeg er civilingeni\u00f8r og gennem det meste af min karriere har jeg arbejdet med forskellige aspekter ved transmission over kobberkabler, lige fra design af CPE og DSLAM&#8217;s til chipset arkitektur og standardisering.<\/p>\n<p>I dag arbejder jeg hos Fullrate A\/S som chef for Net-udviklingsafdelingen, hvor vi hygger os med bl.a. udviklingen af nye produkter og ekspert\/beslutningsst\u00f8tte-systemer samt metoder til forbedring af nettets stabilitet. <a href=\"http:\/\/www.n\u00f8rdoteket.dk\/index.php\/2017\/02\/23\/hvordan-trivielle-data-store-maengder-kan-give-ny-indsigt\/\" target=\"_blank\" rel=\"noopener noreferrer\">Her er et godt eksempel<\/a> p\u00e5 hvad jeg roder med n\u00e5r jeg ikke sidder hjemme i k\u00e6lder-labbet.<\/p>\n<p>Jeg har en bred interesse i transmissionsteknologi, lige fra low-level algoritmer over hardware design og op til overvejelser om, hvordan man kan optimere back-end systemerne til at hj\u00e6lpe supportere til at foretage de rigtige valg i en supportsituation.<\/p>\n<p>Jeg skriver p\u00e5 egne vegne, omend jeg selvf\u00f8lgelig skriver i kontekst af min baggrund og hverdag. Derfor kan eventuelle holdningstilkendegivelser i mine indl\u00e6g ikke tages til indt\u00e6gt for en officiel holdning fra Fullrates side.<\/p>\n<p>N\u00e5r jeg ikke bliver betalt for at n\u00f8rde, s\u00e5 g\u00f8r jeg det for egen regning hjemme i k\u00e6lderen. Jeg rister min egen kaffe (smagen er klasser over almindelig kaffe) og triller en tur en gang i mellem, n\u00e5r vejret tillader det, en tur p\u00e5 min Harley-Davidson.<\/p>\n<p>Se ogs\u00e5 N\u00f8rdotekets\u00a0<a href=\"https:\/\/www.youtube.com\/channel\/UCk0-tfRA39AIC14xBzOUz6Q\">Youtube kanal<\/a>\u00a0hvor jeg laver videoer over de ting, hvor jeg ikke kan klare mig med ord alene.<\/p>\n<p>Jeg laver dette fordi jeg synes det er sjovt.\u00a0Men der er mange timer bag hver enkelt video, og jeg bruger en del penge p\u00e5 stumper og grej. Skulle du have lyst til at st\u00f8tte mit arbejde, s\u00e5 vil jeg v\u00e6re taknemmelig.<\/p>\n<!-- Begin PayPal Donations by https:\/\/www.tipsandtricks-hq.com\/paypal-donations-widgets-plugin -->\n\n<form action=\"https:\/\/www.paypal.com\/cgi-bin\/webscr\" method=\"post\">\n    <div class=\"paypal-donations\">\n        <input type=\"hidden\" name=\"cmd\" value=\"_donations\" \/>\n        <input type=\"hidden\" name=\"bn\" value=\"TipsandTricks_SP\" \/>\n        <input type=\"hidden\" name=\"business\" value=\"steen@garbers.dk\" \/>\n        <input type=\"hidden\" name=\"return\" value=\"https:\/\/www.noerdoteket.dk\/index.php\/tusind-tak\/\" \/>\n        <input type=\"hidden\" name=\"item_name\" value=\"Fedt content paa Noerd\" \/>\n        <input type=\"hidden\" name=\"rm\" value=\"0\" \/>\n        <input type=\"hidden\" name=\"currency_code\" value=\"DKK\" \/>\n        <input type=\"image\" style=\"cursor: pointer;\" src=\"https:\/\/www.paypalobjects.com\/en_US\/i\/btn\/btn_donate_LG.gif\" name=\"submit\" alt=\"PayPal - The safer, easier way to pay online.\" \/>\n        <img loading=\"lazy\" decoding=\"async\" alt=\"\" src=\"https:\/\/www.paypalobjects.com\/en_US\/i\/scr\/pixel.gif\" width=\"1\" height=\"1\" \/>\n    <\/div>\n<\/form>\n<!-- End PayPal Donations -->\n\n<p>&nbsp;<\/p>\n<p><a href=\"http:\/\/www.n\u00f8rdoteket.dk\/wp-content\/uploads\/2015\/09\/ste_basement.png\"><img loading=\"lazy\" decoding=\"async\" class=\"aligncenter size-large wp-image-1170\" src=\"http:\/\/www.n\u00f8rdoteket.dk\/wp-content\/uploads\/2015\/09\/ste_basement-1024x601.png\" alt=\"\" width=\"840\" height=\"493\" srcset=\"https:\/\/noerdoteket.dk\/wp-content\/uploads\/2015\/09\/ste_basement-1024x601.png 1024w, https:\/\/noerdoteket.dk\/wp-content\/uploads\/2015\/09\/ste_basement-300x176.png 300w, https:\/\/noerdoteket.dk\/wp-content\/uploads\/2015\/09\/ste_basement-768x451.png 768w, https:\/\/noerdoteket.dk\/wp-content\/uploads\/2015\/09\/ste_basement-1200x704.png 1200w, https:\/\/noerdoteket.dk\/wp-content\/uploads\/2015\/09\/ste_basement.png 1500w\" sizes=\"auto, (max-width: 709px) 85vw, (max-width: 909px) 67vw, (max-width: 1362px) 62vw, 840px\" \/><\/a><\/p>\n<p>&nbsp;<\/p>\n<p>&nbsp;<\/p>\n<p>&nbsp;<\/p>\n<p>&nbsp;<\/p>\n<p>&nbsp;<\/p>\n","protected":false},"excerpt":{"rendered":"<p>Mit navn er Steen Garbers Enevoldsen, jeg er civilingeni\u00f8r og gennem det meste af min karriere har jeg arbejdet med forskellige aspekter ved transmission over kobberkabler, lige fra design af CPE og DSLAM&#8217;s til chipset arkitektur og standardisering. I dag arbejder jeg hos Fullrate A\/S som chef for Net-udviklingsafdelingen, hvor vi hygger os med bl.a. &hellip; <a href=\"https:\/\/noerdoteket.dk\/index.php\/om-steen-garbers-enevoldsen\/\" class=\"more-link\">L\u00e6s videre<span class=\"screen-reader-text\"> &#8220;Om Steen Garbers Enevoldsen&#8221;<\/span><\/a><\/p>\n","protected":false},"author":1,"featured_media":0,"parent":0,"menu_order":0,"comment_status":"closed","ping_status":"closed","template":"","meta":{"footnotes":""},"class_list":["post-146","page","type-page","status-publish","hentry"],"yoast_head":"<!-- This site is optimized with the Yoast SEO plugin v25.8 - https:\/\/yoast.com\/wordpress\/plugins\/seo\/ -->\n<title>Steen Garbers Enevoldsen<\/title>\n<meta name=\"description\" content=\"Steen Garbers Enevoldsen DSL XDSL WIFI router St\u00f8j forklaring n\u00f8rd nerd geek\" \/>\n<meta name=\"robots\" content=\"index, follow, max-snippet:-1, max-image-preview:large, max-video-preview:-1\" \/>\n<link rel=\"canonical\" href=\"https:\/\/noerdoteket.dk\/index.php\/om-steen-garbers-enevoldsen\/\" \/>\n<meta property=\"og:locale\" content=\"da_DK\" \/>\n<meta property=\"og:type\" content=\"article\" \/>\n<meta property=\"og:title\" content=\"Steen Garbers Enevoldsen\" \/>\n<meta property=\"og:description\" content=\"Steen Garbers Enevoldsen DSL XDSL WIFI router St\u00f8j forklaring n\u00f8rd nerd geek\" \/>\n<meta property=\"og:url\" content=\"https:\/\/noerdoteket.dk\/index.php\/om-steen-garbers-enevoldsen\/\" \/>\n<meta property=\"og:site_name\" content=\"N\u00f8rd&#039;o&#039;teket\" \/>\n<meta property=\"article:modified_time\" content=\"2017-08-14T12:52:54+00:00\" \/>\n<meta property=\"og:image\" content=\"http:\/\/www.n\u00f8rdoteket.dk\/wp-content\/uploads\/2015\/09\/ste_basement-1024x601.png\" \/>\n<meta name=\"twitter:card\" content=\"summary_large_image\" \/>\n<meta name=\"twitter:label1\" content=\"Estimeret l\u00e6setid\" \/>\n\t<meta name=\"twitter:data1\" content=\"1 minut\" \/>\n<script type=\"application\/ld+json\" class=\"yoast-schema-graph\">{\"@context\":\"https:\/\/schema.org\",\"@graph\":[{\"@type\":\"WebPage\",\"@id\":\"https:\/\/noerdoteket.dk\/index.php\/om-steen-garbers-enevoldsen\/\",\"url\":\"https:\/\/noerdoteket.dk\/index.php\/om-steen-garbers-enevoldsen\/\",\"name\":\"Steen Garbers Enevoldsen\",\"isPartOf\":{\"@id\":\"https:\/\/noerdoteket.dk\/#website\"},\"datePublished\":\"2015-09-05T11:54:07+00:00\",\"dateModified\":\"2017-08-14T12:52:54+00:00\",\"description\":\"Steen Garbers Enevoldsen DSL XDSL WIFI router St\u00f8j forklaring n\u00f8rd nerd geek\",\"breadcrumb\":{\"@id\":\"https:\/\/noerdoteket.dk\/index.php\/om-steen-garbers-enevoldsen\/#breadcrumb\"},\"inLanguage\":\"da-DK\",\"potentialAction\":[{\"@type\":\"ReadAction\",\"target\":[\"https:\/\/noerdoteket.dk\/index.php\/om-steen-garbers-enevoldsen\/\"]}]},{\"@type\":\"BreadcrumbList\",\"@id\":\"https:\/\/noerdoteket.dk\/index.php\/om-steen-garbers-enevoldsen\/#breadcrumb\",\"itemListElement\":[{\"@type\":\"ListItem\",\"position\":1,\"name\":\"Hjem\",\"item\":\"https:\/\/noerdoteket.dk\/\"},{\"@type\":\"ListItem\",\"position\":2,\"name\":\"Om Steen Garbers Enevoldsen\"}]},{\"@type\":\"WebSite\",\"@id\":\"https:\/\/noerdoteket.dk\/#website\",\"url\":\"https:\/\/noerdoteket.dk\/\",\"name\":\"N\u00f8rd&#039;o&#039;teket\",\"description\":\"L\u00f8st og fast om teknologi og dimser\",\"potentialAction\":[{\"@type\":\"SearchAction\",\"target\":{\"@type\":\"EntryPoint\",\"urlTemplate\":\"https:\/\/noerdoteket.dk\/?s={search_term_string}\"},\"query-input\":{\"@type\":\"PropertyValueSpecification\",\"valueRequired\":true,\"valueName\":\"search_term_string\"}}],\"inLanguage\":\"da-DK\"}]}<\/script>\n<!-- \/ Yoast SEO plugin. -->","yoast_head_json":{"title":"Steen Garbers Enevoldsen","description":"Steen Garbers Enevoldsen DSL XDSL WIFI router St\u00f8j forklaring n\u00f8rd nerd geek","robots":{"index":"index","follow":"follow","max-snippet":"max-snippet:-1","max-image-preview":"max-image-preview:large","max-video-preview":"max-video-preview:-1"},"canonical":"https:\/\/noerdoteket.dk\/index.php\/om-steen-garbers-enevoldsen\/","og_locale":"da_DK","og_type":"article","og_title":"Steen Garbers Enevoldsen","og_description":"Steen Garbers Enevoldsen DSL XDSL WIFI router St\u00f8j forklaring n\u00f8rd nerd geek","og_url":"https:\/\/noerdoteket.dk\/index.php\/om-steen-garbers-enevoldsen\/","og_site_name":"N\u00f8rd&#039;o&#039;teket","article_modified_time":"2017-08-14T12:52:54+00:00","og_image":[{"url":"http:\/\/www.n\u00f8rdoteket.dk\/wp-content\/uploads\/2015\/09\/ste_basement-1024x601.png","type":"","width":"","height":""}],"twitter_card":"summary_large_image","twitter_misc":{"Estimeret l\u00e6setid":"1 minut"},"schema":{"@context":"https:\/\/schema.org","@graph":[{"@type":"WebPage","@id":"https:\/\/noerdoteket.dk\/index.php\/om-steen-garbers-enevoldsen\/","url":"https:\/\/noerdoteket.dk\/index.php\/om-steen-garbers-enevoldsen\/","name":"Steen Garbers Enevoldsen","isPartOf":{"@id":"https:\/\/noerdoteket.dk\/#website"},"datePublished":"2015-09-05T11:54:07+00:00","dateModified":"2017-08-14T12:52:54+00:00","description":"Steen Garbers Enevoldsen DSL XDSL WIFI router St\u00f8j forklaring n\u00f8rd nerd geek","breadcrumb":{"@id":"https:\/\/noerdoteket.dk\/index.php\/om-steen-garbers-enevoldsen\/#breadcrumb"},"inLanguage":"da-DK","potentialAction":[{"@type":"ReadAction","target":["https:\/\/noerdoteket.dk\/index.php\/om-steen-garbers-enevoldsen\/"]}]},{"@type":"BreadcrumbList","@id":"https:\/\/noerdoteket.dk\/index.php\/om-steen-garbers-enevoldsen\/#breadcrumb","itemListElement":[{"@type":"ListItem","position":1,"name":"Hjem","item":"https:\/\/noerdoteket.dk\/"},{"@type":"ListItem","position":2,"name":"Om Steen Garbers Enevoldsen"}]},{"@type":"WebSite","@id":"https:\/\/noerdoteket.dk\/#website","url":"https:\/\/noerdoteket.dk\/","name":"N\u00f8rd&#039;o&#039;teket","description":"L\u00f8st og fast om teknologi og dimser","potentialAction":[{"@type":"SearchAction","target":{"@type":"EntryPoint","urlTemplate":"https:\/\/noerdoteket.dk\/?s={search_term_string}"},"query-input":{"@type":"PropertyValueSpecification","valueRequired":true,"valueName":"search_term_string"}}],"inLanguage":"da-DK"}]}},"_links":{"self":[{"href":"https:\/\/noerdoteket.dk\/index.php\/wp-json\/wp\/v2\/pages\/146","targetHints":{"allow":["GET"]}}],"collection":[{"href":"https:\/\/noerdoteket.dk\/index.php\/wp-json\/wp\/v2\/pages"}],"about":[{"href":"https:\/\/noerdoteket.dk\/index.php\/wp-json\/wp\/v2\/types\/page"}],"author":[{"embeddable":true,"href":"https:\/\/noerdoteket.dk\/index.php\/wp-json\/wp\/v2\/users\/1"}],"replies":[{"embeddable":true,"href":"https:\/\/noerdoteket.dk\/index.php\/wp-json\/wp\/v2\/comments?post=146"}],"version-history":[{"count":16,"href":"https:\/\/noerdoteket.dk\/index.php\/wp-json\/wp\/v2\/pages\/146\/revisions"}],"predecessor-version":[{"id":1434,"href":"https:\/\/noerdoteket.dk\/index.php\/wp-json\/wp\/v2\/pages\/146\/revisions\/1434"}],"wp:attachment":[{"href":"https:\/\/noerdoteket.dk\/index.php\/wp-json\/wp\/v2\/media?parent=146"}],"curies":[{"name":"wp","href":"https:\/\/api.w.org\/{rel}","templated":true}]}}