{"id":1641,"date":"2018-02-16T13:50:28","date_gmt":"2018-02-16T13:50:28","guid":{"rendered":"http:\/\/www.n\u00f8rdoteket.dk\/?page_id=1641"},"modified":"2018-04-03T18:24:20","modified_gmt":"2018-04-03T18:24:20","slug":"wi-fi-test-oversigt","status":"publish","type":"page","link":"https:\/\/noerdoteket.dk\/index.php\/wi-fi-test-oversigt\/","title":{"rendered":"Wi-Fi tests"},"content":{"rendered":"<p>Jeg har samlet alle de Wi-Fi routere og extendere jeg har testet i denne tabel.\u00a0 Se en forklaring p\u00e5 kolonnerne under tabellen.<\/p>\n\n<table id=\"tablepress-2\" class=\"tablepress tablepress-id-2 tablepress-responsive\">\n<thead>\n<tr class=\"row-1\">\n\t<th class=\"column-1\">Producent<\/th><th class=\"column-2\">Model<\/th><th class=\"column-3\">Hastighed (let)<\/th><th class=\"column-4\">Hastighed (sv\u00e6r)<\/th><th class=\"column-5\">Stabilitet<\/th><th class=\"column-6\">Min vurdering<\/th>\n<\/tr>\n<\/thead>\n<tbody class=\"row-striping row-hover\">\n<tr class=\"row-2\">\n\t<td class=\"column-1\">Asus<\/td><td class=\"column-2\"><a href=\"https:\/\/www.noerdoteket.dk\/index.php\/asus-rt-ac5300\/\" rel=\"noopener noreferrer\" target=\"_blank\">RT-AC5300<\/a><\/td><td class=\"column-3\">100<\/td><td class=\"column-4\">100<\/td><td class=\"column-5\">8<\/td><td class=\"column-6\">8<\/td>\n<\/tr>\n<tr class=\"row-3\">\n\t<td class=\"column-1\">Google<\/td><td class=\"column-2\"><a href=\"https:\/\/www.noerdoteket.dk\/index.php\/testet-produkt-google-onhub\/\" rel=\"noopener noreferrer\" target=\"_blank\">OnHub<\/a><\/td><td class=\"column-3\">74<\/td><td class=\"column-4\">90<\/td><td class=\"column-5\">3<\/td><td class=\"column-6\">1<\/td>\n<\/tr>\n<tr class=\"row-4\">\n\t<td class=\"column-1\">TP-Link<\/td><td class=\"column-2\"><a href=\"https:\/\/www.noerdoteket.dk\/index.php\/testet-produkt-tp-link-archer-c5400\/\" rel=\"noopener noreferrer\" target=\"_blank\">Archer C5400<\/a><\/td><td class=\"column-3\">100<\/td><td class=\"column-4\">99<\/td><td class=\"column-5\">5<\/td><td class=\"column-6\">5<\/td>\n<\/tr>\n<tr class=\"row-5\">\n\t<td class=\"column-1\">Ubiquiti<\/td><td class=\"column-2\"><a href=\"https:\/\/www.noerdoteket.dk\/index.php\/testet-produkt-ubiquiti-uap-ac-lr\/\" rel=\"noopener noreferrer\" target=\"_blank\">UAP-AC-LR<\/a><\/td><td class=\"column-3\">73<\/td><td class=\"column-4\">307<\/td><td class=\"column-5\">9<\/td><td class=\"column-6\">9<\/td>\n<\/tr>\n<tr class=\"row-6\">\n\t<td class=\"column-1\">Synology<\/td><td class=\"column-2\"><a href=\"https:\/\/www.noerdoteket.dk\/index.php\/testet-produkt-synology-rt-2600ac\/\" rel=\"noopener noreferrer\" target=\"_blank\">RT-2600ac<\/a><\/td><td class=\"column-3\">92<\/td><td class=\"column-4\">97<\/td><td class=\"column-5\">9<\/td><td class=\"column-6\">8<\/td>\n<\/tr>\n<tr class=\"row-7\">\n\t<td class=\"column-1\">Netgear<\/td><td class=\"column-2\"><a href=\"https:\/\/www.noerdoteket.dk\/index.php\/testet-produkt-netgear-nighthawk-x10\/\" rel=\"noopener noreferrer\" target=\"_blank\">Nighthawk X10<\/a><\/td><td class=\"column-3\">92<\/td><td class=\"column-4\">128<\/td><td class=\"column-5\">8<\/td><td class=\"column-6\">8<\/td>\n<\/tr>\n<tr class=\"row-8\">\n\t<td class=\"column-1\">Ubiquiti<\/td><td class=\"column-2\"><a href=\"https:\/\/www.noerdoteket.dk\/index.php\/testet-produkt-ubiquiti-amplifi\/\" rel=\"noopener noreferrer\" target=\"_blank\">Amplifi<\/a><\/td><td class=\"column-3\">73<\/td><td class=\"column-4\">99<\/td><td class=\"column-5\">8<\/td><td class=\"column-6\">7<\/td>\n<\/tr>\n<tr class=\"row-9\">\n\t<td class=\"column-1\">Ruckus<\/td><td class=\"column-2\"><a href=\"https:\/\/www.noerdoteket.dk\/index.php\/testet-produkt-ruckus-xi-3\/\" rel=\"noopener noreferrer\" target=\"_blank\">Xi-3<\/a><\/td><td class=\"column-3\">77<\/td><td class=\"column-4\">68<\/td><td class=\"column-5\">8<\/td><td class=\"column-6\">7<\/td>\n<\/tr>\n<tr class=\"row-10\">\n\t<td class=\"column-1\">Airties<\/td><td class=\"column-2\"><a href=\"https:\/\/www.noerdoteket.dk\/index.php\/testet-produkt-airties-air-4920\/\" rel=\"noopener noreferrer\" target=\"_blank\">Air 4920<\/a><\/td><td class=\"column-3\">74<\/td><td class=\"column-4\">102<\/td><td class=\"column-5\">8<\/td><td class=\"column-6\">7<\/td>\n<\/tr>\n<tr class=\"row-11\">\n\t<td class=\"column-1\">Netgear<\/td><td class=\"column-2\"><a href=\"https:\/\/www.noerdoteket.dk\/index.php\/testet-produkt-netgear-orbi\/\" rel=\"noopener noreferrer\" target=\"_blank\">Orbi<\/a><\/td><td class=\"column-3\">77<\/td><td class=\"column-4\">268<\/td><td class=\"column-5\">7<\/td><td class=\"column-6\">8<\/td>\n<\/tr>\n<tr class=\"row-12\">\n\t<td class=\"column-1\">Asus<\/td><td class=\"column-2\"><a href=\"https:\/\/www.noerdoteket.dk\/index.php\/testet-produkt-asus-lyra\/\" rel=\"noopener noreferrer\" target=\"_blank\">Lyra<\/a><\/td><td class=\"column-3\">68<\/td><td class=\"column-4\">55<\/td><td class=\"column-5\">4<\/td><td class=\"column-6\">1<\/td>\n<\/tr>\n<tr class=\"row-13\">\n\t<td class=\"column-1\">Linksys<\/td><td class=\"column-2\"><a href=\"https:\/\/www.noerdoteket.dk\/index.php\/testet-produkt-linksys-ea9500\/\" rel=\"noopener noreferrer\" target=\"_blank\">EA9500<\/a><\/td><td class=\"column-3\">61<\/td><td class=\"column-4\">84<\/td><td class=\"column-5\">9<\/td><td class=\"column-6\">7<\/td>\n<\/tr>\n<tr class=\"row-14\">\n\t<td class=\"column-1\">DKT<\/td><td class=\"column-2\"><a href=\"https:\/\/www.noerdoteket.dk\/index.php\/testet-produkt-dkt-wave2-powerline\/\" rel=\"noopener noreferrer\" target=\"_blank\">Wave2 Powerline<\/a><\/td><td class=\"column-3\">76<\/td><td class=\"column-4\">78<\/td><td class=\"column-5\">9<\/td><td class=\"column-6\">7<\/td>\n<\/tr>\n<tr class=\"row-15\">\n\t<td class=\"column-1\">DKT<\/td><td class=\"column-2\"><a href=\"https:\/\/www.noerdoteket.dk\/index.php\/testet-produkt-dkt-wave2-air\/\" rel=\"noopener noreferrer\" target=\"_blank\">Wave2 Air<\/a><\/td><td class=\"column-3\">59<\/td><td class=\"column-4\">84<\/td><td class=\"column-5\">7<\/td><td class=\"column-6\">6<\/td>\n<\/tr>\n<tr class=\"row-16\">\n\t<td class=\"column-1\">D-Link<\/td><td class=\"column-2\"><a href=\"https:\/\/noerdoteket.dk\/index.php\/testet-produkt-d-link-dir-809\/\" rel=\"noopener noreferrer\" target=\"_blank\">DIR-809<\/a><\/td><td class=\"column-3\">0<\/td><td class=\"column-4\">0<\/td><td class=\"column-5\">4<\/td><td class=\"column-6\">1<\/td>\n<\/tr>\n<tr class=\"row-17\">\n\t<td class=\"column-1\">Asus<\/td><td class=\"column-2\"><a href=\"https:\/\/noerdoteket.dk\/index.php\/testet-produkt-asus-rt-ac86u\/\" rel=\"noopener noreferrer\" target=\"_blank\">RT-AC86U<\/a><\/td><td class=\"column-3\">107<\/td><td class=\"column-4\">215<\/td><td class=\"column-5\">8<\/td><td class=\"column-6\">9<\/td>\n<\/tr>\n<\/tbody>\n<tfoot>\n<tr class=\"row-18\">\n\t<th class=\"column-1\">Google<\/th><th class=\"column-2\"><a href=\"https:\/\/noerdoteket.dk\/index.php\/testet-produkt-google-nest-wifi\/\" rel=\"noopener noreferrer\" target=\"_blank\">Nest Wifi<\/a><\/th><th class=\"column-3\">65<\/th><th class=\"column-4\">107<\/th><th class=\"column-5\">8<\/th><th class=\"column-6\">7<\/th>\n<\/tr>\n<\/tfoot>\n<\/table>\n<!-- #tablepress-2 from cache -->\n<h2><strong>Forklaring til tabellen:<\/strong><\/h2>\n<p>Hvis du klikker p\u00e5 modelnavnet for et produkt, kommer du til en side for det p\u00e5g\u00e6ldende produkt hvor\u00a0alle artikler og videoer hvor det produkt n\u00e6vnes.<\/p>\n<p>Klik p\u00e5 de enkelte kolonner for at sortere r\u00e6kkerne.<\/p>\n<h2>Hastighed:<\/h2>\n<p>Hvis jeg blot beregner gennemsnittet af\u00a0samtlige 27.000 m\u00e5lepunkter for den p\u00e5g\u00e6ldende Wi-Fi router, s\u00e5\u00a0 vil det resulterende performance-tal ikke i tilstr\u00e6kkelig grad afspejle forskellen mellem routerne. Derfor har jeg opsplittet testene i &#8220;De lette&#8221; og &#8220;De sv\u00e6re&#8221; og beregnet to gennemsnit.<\/p>\n<p>Tallene er normaliseret i forhold til Asus RT-AC5300, som dermed har index 100. Under 100: Enheden har lavere sammenlagt hastighed end Asus. Over 100: hastigheden er sammenlagt bedre end Asus.<\/p>\n<h4>De lette tests<\/h4>\n<p>De lette tests udg\u00f8r {Skrivebord, Spisebord, Sofabord, Toilet} og har det til f\u00e6lles, at forhindringerne mellem accesspunkt og klienter er rimelig lette for Wi-Fi signaler at gennemtr\u00e6nge. Hvis du bor i et mindre et-planshus\/r\u00e6kkehus eller en lejlighed vil denne kategori sandsynligvis v\u00e6re d\u00e6kkende for dit behov.<\/p>\n<h4>De sv\u00e6re tests<\/h4>\n<p>De sv\u00e6re tests udg\u00f8r {K\u00e6lder, Sovev\u00e6relse} og har det til f\u00e6lles, at der er sv\u00e6re forhindringer i det vertikale plan mellem klienter og accesspunkt. Hvis du bor i et st\u00f8rre hus med flere plan eller hvis du vil have den bedst mulige ydelse s\u00e5 er en h\u00f8j score i denne kategori vigtig.<\/p>\n<h2>Stabilitet:<\/h2>\n<p>En score mellem 0 og 10, hvor 10 er bedst. Stabiliteten er min subjektive vurdering efter at have testet produktet og efterf\u00f8lgende benyttet det som mit prim\u00e6re Wi-Fi derhjemme i 2-4 uger. En lav stabilitetsscore gives f.eks. n\u00e5r jeg oplever:<\/p>\n<ul>\n<li>At enheder ikke kan forbinde til accesspunktet<\/li>\n<li>At enheder smides af accesspunktet<\/li>\n<li>At hastigheden svinger uforholdsm\u00e6ssigt meget<\/li>\n<li>At der er for mange transmissionsfejl p\u00e5 linket<\/li>\n<\/ul>\n<h2>Min vurdering:<\/h2>\n<p>En score mellem 0 og 10 (hvor 10 er bedst) som er en blanding af objektive kriterier og s\u00e5 min helt subjektive holdning som n\u00f8rd. Jeg baserer scoren p\u00e5 blandt andet disse kriterier:<\/p>\n<ul>\n<li>Hastigheden<\/li>\n<li>stabiliteten (st\u00f8rre v\u00e6gt end hastighed)<\/li>\n<li>Features<\/li>\n<li>Str\u00f8mforbrug<\/li>\n<li>Muligheder for fejlretning af problemer (f.eks. stats, per device stats, osv)<\/li>\n<\/ul>\n<p>&nbsp;<\/p>\n<script async src=\"https:\/\/pagead2.googlesyndication.com\/pagead\/js\/adsbygoogle.js\"><\/script>\r\n<!-- wp-ad-rect -->\r\n<ins class=\"adsbygoogle\"\r\n     style=\"display:block\"\r\n     data-ad-client=\"ca-pub-7793103161450012\"\r\n     data-ad-slot=\"8706514482\"\r\n     data-ad-format=\"auto\"><\/ins>\r\n<script>\r\n     (adsbygoogle = window.adsbygoogle || []).push({});\r\n<\/script>\n","protected":false},"excerpt":{"rendered":"<p>Jeg har samlet alle de Wi-Fi routere og extendere jeg har testet i denne tabel.\u00a0 Se en forklaring p\u00e5 kolonnerne under tabellen. Forklaring til tabellen: Hvis du klikker p\u00e5 modelnavnet for et produkt, kommer du til en side for det p\u00e5g\u00e6ldende produkt hvor\u00a0alle artikler og videoer hvor det produkt n\u00e6vnes. Klik p\u00e5 de enkelte kolonner &hellip; <a href=\"https:\/\/noerdoteket.dk\/index.php\/wi-fi-test-oversigt\/\" class=\"more-link\">L\u00e6s videre<span class=\"screen-reader-text\"> &#8220;Wi-Fi tests&#8221;<\/span><\/a><\/p>\n","protected":false},"author":1,"featured_media":0,"parent":0,"menu_order":0,"comment_status":"closed","ping_status":"closed","template":"","meta":{"footnotes":""},"class_list":["post-1641","page","type-page","status-publish","hentry"],"yoast_head":"<!-- This site is optimized with the Yoast SEO plugin v25.8 - https:\/\/yoast.com\/wordpress\/plugins\/seo\/ -->\n<title>Wi-Fi tests - N\u00f8rd&#039;o&#039;teket<\/title>\n<meta name=\"robots\" content=\"index, follow, max-snippet:-1, max-image-preview:large, max-video-preview:-1\" \/>\n<link rel=\"canonical\" href=\"https:\/\/noerdoteket.dk\/index.php\/wi-fi-test-oversigt\/\" \/>\n<meta property=\"og:locale\" content=\"da_DK\" \/>\n<meta property=\"og:type\" content=\"article\" \/>\n<meta property=\"og:title\" content=\"Wi-Fi tests - N\u00f8rd&#039;o&#039;teket\" \/>\n<meta property=\"og:description\" content=\"Jeg har samlet alle de Wi-Fi routere og extendere jeg har testet i denne tabel.\u00a0 Se en forklaring p\u00e5 kolonnerne under tabellen. Forklaring til tabellen: Hvis du klikker p\u00e5 modelnavnet for et produkt, kommer du til en side for det p\u00e5g\u00e6ldende produkt hvor\u00a0alle artikler og videoer hvor det produkt n\u00e6vnes. Klik p\u00e5 de enkelte kolonner &hellip; L\u00e6s videre &quot;Wi-Fi tests&quot;\" \/>\n<meta property=\"og:url\" content=\"https:\/\/noerdoteket.dk\/index.php\/wi-fi-test-oversigt\/\" \/>\n<meta property=\"og:site_name\" content=\"N\u00f8rd&#039;o&#039;teket\" \/>\n<meta property=\"article:modified_time\" content=\"2018-04-03T18:24:20+00:00\" \/>\n<meta name=\"twitter:card\" content=\"summary_large_image\" \/>\n<meta name=\"twitter:label1\" content=\"Estimeret l\u00e6setid\" \/>\n\t<meta name=\"twitter:data1\" content=\"2 minutter\" \/>\n<script type=\"application\/ld+json\" class=\"yoast-schema-graph\">{\"@context\":\"https:\/\/schema.org\",\"@graph\":[{\"@type\":\"WebPage\",\"@id\":\"https:\/\/noerdoteket.dk\/index.php\/wi-fi-test-oversigt\/\",\"url\":\"https:\/\/noerdoteket.dk\/index.php\/wi-fi-test-oversigt\/\",\"name\":\"Wi-Fi tests - N\u00f8rd&#039;o&#039;teket\",\"isPartOf\":{\"@id\":\"https:\/\/noerdoteket.dk\/#website\"},\"datePublished\":\"2018-02-16T13:50:28+00:00\",\"dateModified\":\"2018-04-03T18:24:20+00:00\",\"breadcrumb\":{\"@id\":\"https:\/\/noerdoteket.dk\/index.php\/wi-fi-test-oversigt\/#breadcrumb\"},\"inLanguage\":\"da-DK\",\"potentialAction\":[{\"@type\":\"ReadAction\",\"target\":[\"https:\/\/noerdoteket.dk\/index.php\/wi-fi-test-oversigt\/\"]}]},{\"@type\":\"BreadcrumbList\",\"@id\":\"https:\/\/noerdoteket.dk\/index.php\/wi-fi-test-oversigt\/#breadcrumb\",\"itemListElement\":[{\"@type\":\"ListItem\",\"position\":1,\"name\":\"Hjem\",\"item\":\"https:\/\/noerdoteket.dk\/\"},{\"@type\":\"ListItem\",\"position\":2,\"name\":\"Wi-Fi tests\"}]},{\"@type\":\"WebSite\",\"@id\":\"https:\/\/noerdoteket.dk\/#website\",\"url\":\"https:\/\/noerdoteket.dk\/\",\"name\":\"N\u00f8rd&#039;o&#039;teket\",\"description\":\"L\u00f8st og fast om teknologi og dimser\",\"potentialAction\":[{\"@type\":\"SearchAction\",\"target\":{\"@type\":\"EntryPoint\",\"urlTemplate\":\"https:\/\/noerdoteket.dk\/?s={search_term_string}\"},\"query-input\":{\"@type\":\"PropertyValueSpecification\",\"valueRequired\":true,\"valueName\":\"search_term_string\"}}],\"inLanguage\":\"da-DK\"}]}<\/script>\n<!-- \/ Yoast SEO plugin. -->","yoast_head_json":{"title":"Wi-Fi tests - N\u00f8rd&#039;o&#039;teket","robots":{"index":"index","follow":"follow","max-snippet":"max-snippet:-1","max-image-preview":"max-image-preview:large","max-video-preview":"max-video-preview:-1"},"canonical":"https:\/\/noerdoteket.dk\/index.php\/wi-fi-test-oversigt\/","og_locale":"da_DK","og_type":"article","og_title":"Wi-Fi tests - N\u00f8rd&#039;o&#039;teket","og_description":"Jeg har samlet alle de Wi-Fi routere og extendere jeg har testet i denne tabel.\u00a0 Se en forklaring p\u00e5 kolonnerne under tabellen. Forklaring til tabellen: Hvis du klikker p\u00e5 modelnavnet for et produkt, kommer du til en side for det p\u00e5g\u00e6ldende produkt hvor\u00a0alle artikler og videoer hvor det produkt n\u00e6vnes. Klik p\u00e5 de enkelte kolonner &hellip; L\u00e6s videre \"Wi-Fi tests\"","og_url":"https:\/\/noerdoteket.dk\/index.php\/wi-fi-test-oversigt\/","og_site_name":"N\u00f8rd&#039;o&#039;teket","article_modified_time":"2018-04-03T18:24:20+00:00","twitter_card":"summary_large_image","twitter_misc":{"Estimeret l\u00e6setid":"2 minutter"},"schema":{"@context":"https:\/\/schema.org","@graph":[{"@type":"WebPage","@id":"https:\/\/noerdoteket.dk\/index.php\/wi-fi-test-oversigt\/","url":"https:\/\/noerdoteket.dk\/index.php\/wi-fi-test-oversigt\/","name":"Wi-Fi tests - N\u00f8rd&#039;o&#039;teket","isPartOf":{"@id":"https:\/\/noerdoteket.dk\/#website"},"datePublished":"2018-02-16T13:50:28+00:00","dateModified":"2018-04-03T18:24:20+00:00","breadcrumb":{"@id":"https:\/\/noerdoteket.dk\/index.php\/wi-fi-test-oversigt\/#breadcrumb"},"inLanguage":"da-DK","potentialAction":[{"@type":"ReadAction","target":["https:\/\/noerdoteket.dk\/index.php\/wi-fi-test-oversigt\/"]}]},{"@type":"BreadcrumbList","@id":"https:\/\/noerdoteket.dk\/index.php\/wi-fi-test-oversigt\/#breadcrumb","itemListElement":[{"@type":"ListItem","position":1,"name":"Hjem","item":"https:\/\/noerdoteket.dk\/"},{"@type":"ListItem","position":2,"name":"Wi-Fi tests"}]},{"@type":"WebSite","@id":"https:\/\/noerdoteket.dk\/#website","url":"https:\/\/noerdoteket.dk\/","name":"N\u00f8rd&#039;o&#039;teket","description":"L\u00f8st og fast om teknologi og dimser","potentialAction":[{"@type":"SearchAction","target":{"@type":"EntryPoint","urlTemplate":"https:\/\/noerdoteket.dk\/?s={search_term_string}"},"query-input":{"@type":"PropertyValueSpecification","valueRequired":true,"valueName":"search_term_string"}}],"inLanguage":"da-DK"}]}},"_links":{"self":[{"href":"https:\/\/noerdoteket.dk\/index.php\/wp-json\/wp\/v2\/pages\/1641","targetHints":{"allow":["GET"]}}],"collection":[{"href":"https:\/\/noerdoteket.dk\/index.php\/wp-json\/wp\/v2\/pages"}],"about":[{"href":"https:\/\/noerdoteket.dk\/index.php\/wp-json\/wp\/v2\/types\/page"}],"author":[{"embeddable":true,"href":"https:\/\/noerdoteket.dk\/index.php\/wp-json\/wp\/v2\/users\/1"}],"replies":[{"embeddable":true,"href":"https:\/\/noerdoteket.dk\/index.php\/wp-json\/wp\/v2\/comments?post=1641"}],"version-history":[{"count":25,"href":"https:\/\/noerdoteket.dk\/index.php\/wp-json\/wp\/v2\/pages\/1641\/revisions"}],"predecessor-version":[{"id":1852,"href":"https:\/\/noerdoteket.dk\/index.php\/wp-json\/wp\/v2\/pages\/1641\/revisions\/1852"}],"wp:attachment":[{"href":"https:\/\/noerdoteket.dk\/index.php\/wp-json\/wp\/v2\/media?parent=1641"}],"curies":[{"name":"wp","href":"https:\/\/api.w.org\/{rel}","templated":true}]}}