{"id":1763,"date":"2018-03-23T22:02:48","date_gmt":"2018-03-23T22:02:48","guid":{"rendered":"http:\/\/www.n\u00f8rdoteket.dk\/?page_id=1763"},"modified":"2020-02-03T14:14:38","modified_gmt":"2020-02-03T13:14:38","slug":"testet-produkt-netgear-nighthawk-x10","status":"publish","type":"page","link":"https:\/\/noerdoteket.dk\/index.php\/testet-produkt-netgear-nighthawk-x10\/","title":{"rendered":"Testet produkt: Netgear Nighthawk X10"},"content":{"rendered":"<p><strong>Produkt:<\/strong> High-end Wi-Fi router<\/p>\n<p><strong>Min vurdering:<\/strong><\/p>\n<ul>\n<li>PLUS\n<ul>\n<li>Rigtig god performance og stabilitet<\/li>\n<li>Aktive antenner giver s\u00e6rdeles god r\u00e6kkevidde og evne til at gennemtr\u00e6nge forhindringer<\/li>\n<li>Kan udvides med 10G SFP modul<\/li>\n<\/ul>\n<\/li>\n<li>MINUS:\n<ul>\n<li>Dyr<\/li>\n<li>Bl\u00e6ser integreret, s\u00e5 risiko for at den ikke er lydl\u00f8s<\/li>\n<\/ul>\n<\/li>\n<\/ul>\n<script async src=\"\/\/pagead2.googlesyndication.com\/pagead\/js\/adsbygoogle.js\"><\/script>\r\n<!-- wp-inpost-add -->\r\n<ins class=\"adsbygoogle\"\r\n     style=\"display:block\"\r\n     data-ad-client=\"ca-pub-7793103161450012\"\r\n     data-ad-slot=\"1741650889\"\r\n     data-ad-format=\"auto\"><\/ins>\r\n<script>\r\n(adsbygoogle = window.adsbygoogle || []).push({});\r\n<\/script>\n<p><strong>Artikler:<\/strong><\/p>\n<p><a href=\"http:\/\/www.n\u00f8rdoteket.dk\/index.php\/2017\/04\/02\/netgear-nighthawk-x10-test-og-anmeldelse\/\" target=\"_blank\" rel=\"noopener noreferrer\" data-wplink-edit=\"true\">Netgear Nighthawk X10 test og anmeldelse<\/a><\/p>\n<p><strong>Videoer:<\/strong><\/p>\n<p><iframe loading=\"lazy\" title=\"Wifi tests # 12, del 1: Netgear Nighthawk X10 unboxing og installation\" width=\"840\" height=\"473\" src=\"https:\/\/www.youtube.com\/embed\/elMo-GRToZ0?feature=oembed\" frameborder=\"0\" allow=\"accelerometer; autoplay; encrypted-media; gyroscope; picture-in-picture\" allowfullscreen><\/iframe><\/p>\n<p><iframe loading=\"lazy\" title=\"Wifi tests # 12, del 2: Netgear Nighthawk X10 test og anmeldelse\" width=\"840\" height=\"473\" src=\"https:\/\/www.youtube.com\/embed\/2pIzZzQ6z7E?feature=oembed\" frameborder=\"0\" allow=\"accelerometer; autoplay; encrypted-media; gyroscope; picture-in-picture\" allowfullscreen><\/iframe><\/p>\n<script async src=\"https:\/\/pagead2.googlesyndication.com\/pagead\/js\/adsbygoogle.js\"><\/script>\r\n<!-- wp-ad-rect -->\r\n<ins class=\"adsbygoogle\"\r\n     style=\"display:block\"\r\n     data-ad-client=\"ca-pub-7793103161450012\"\r\n     data-ad-slot=\"8706514482\"\r\n     data-ad-format=\"auto\"><\/ins>\r\n<script>\r\n     (adsbygoogle = window.adsbygoogle || []).push({});\r\n<\/script>\n","protected":false},"excerpt":{"rendered":"<p>Produkt: High-end Wi-Fi router Min vurdering: PLUS Rigtig god performance og stabilitet Aktive antenner giver s\u00e6rdeles god r\u00e6kkevidde og evne til at gennemtr\u00e6nge forhindringer Kan udvides med 10G SFP modul MINUS: Dyr Bl\u00e6ser integreret, s\u00e5 risiko for at den ikke er lydl\u00f8s Artikler: Netgear Nighthawk X10 test og anmeldelse Videoer:<\/p>\n","protected":false},"author":1,"featured_media":0,"parent":0,"menu_order":0,"comment_status":"closed","ping_status":"closed","template":"","meta":{"footnotes":""},"class_list":["post-1763","page","type-page","status-publish","hentry"],"yoast_head":"<!-- This site is optimized with the Yoast SEO plugin v25.8 - https:\/\/yoast.com\/wordpress\/plugins\/seo\/ -->\n<title>Testet produkt: Netgear Nighthawk X10 - N\u00f8rd&#039;o&#039;teket<\/title>\n<meta name=\"robots\" content=\"index, follow, max-snippet:-1, max-image-preview:large, max-video-preview:-1\" \/>\n<link rel=\"canonical\" href=\"https:\/\/noerdoteket.dk\/index.php\/testet-produkt-netgear-nighthawk-x10\/\" \/>\n<meta property=\"og:locale\" content=\"da_DK\" \/>\n<meta property=\"og:type\" content=\"article\" \/>\n<meta property=\"og:title\" content=\"Testet produkt: Netgear Nighthawk X10 - N\u00f8rd&#039;o&#039;teket\" \/>\n<meta property=\"og:description\" content=\"Produkt: High-end Wi-Fi router Min vurdering: PLUS Rigtig god performance og stabilitet Aktive antenner giver s\u00e6rdeles god r\u00e6kkevidde og evne til at gennemtr\u00e6nge forhindringer Kan udvides med 10G SFP modul MINUS: Dyr Bl\u00e6ser integreret, s\u00e5 risiko for at den ikke er lydl\u00f8s Artikler: Netgear Nighthawk X10 test og anmeldelse Videoer:\" \/>\n<meta property=\"og:url\" content=\"https:\/\/noerdoteket.dk\/index.php\/testet-produkt-netgear-nighthawk-x10\/\" \/>\n<meta property=\"og:site_name\" content=\"N\u00f8rd&#039;o&#039;teket\" \/>\n<meta property=\"article:modified_time\" content=\"2020-02-03T13:14:38+00:00\" \/>\n<meta name=\"twitter:card\" content=\"summary_large_image\" \/>\n<script type=\"application\/ld+json\" class=\"yoast-schema-graph\">{\"@context\":\"https:\/\/schema.org\",\"@graph\":[{\"@type\":\"WebPage\",\"@id\":\"https:\/\/noerdoteket.dk\/index.php\/testet-produkt-netgear-nighthawk-x10\/\",\"url\":\"https:\/\/noerdoteket.dk\/index.php\/testet-produkt-netgear-nighthawk-x10\/\",\"name\":\"Testet produkt: Netgear Nighthawk X10 - N\u00f8rd&#039;o&#039;teket\",\"isPartOf\":{\"@id\":\"https:\/\/noerdoteket.dk\/#website\"},\"datePublished\":\"2018-03-23T22:02:48+00:00\",\"dateModified\":\"2020-02-03T13:14:38+00:00\",\"breadcrumb\":{\"@id\":\"https:\/\/noerdoteket.dk\/index.php\/testet-produkt-netgear-nighthawk-x10\/#breadcrumb\"},\"inLanguage\":\"da-DK\",\"potentialAction\":[{\"@type\":\"ReadAction\",\"target\":[\"https:\/\/noerdoteket.dk\/index.php\/testet-produkt-netgear-nighthawk-x10\/\"]}]},{\"@type\":\"BreadcrumbList\",\"@id\":\"https:\/\/noerdoteket.dk\/index.php\/testet-produkt-netgear-nighthawk-x10\/#breadcrumb\",\"itemListElement\":[{\"@type\":\"ListItem\",\"position\":1,\"name\":\"Hjem\",\"item\":\"https:\/\/noerdoteket.dk\/\"},{\"@type\":\"ListItem\",\"position\":2,\"name\":\"Testet produkt: Netgear Nighthawk X10\"}]},{\"@type\":\"WebSite\",\"@id\":\"https:\/\/noerdoteket.dk\/#website\",\"url\":\"https:\/\/noerdoteket.dk\/\",\"name\":\"N\u00f8rd&#039;o&#039;teket\",\"description\":\"L\u00f8st og fast om teknologi og dimser\",\"potentialAction\":[{\"@type\":\"SearchAction\",\"target\":{\"@type\":\"EntryPoint\",\"urlTemplate\":\"https:\/\/noerdoteket.dk\/?s={search_term_string}\"},\"query-input\":{\"@type\":\"PropertyValueSpecification\",\"valueRequired\":true,\"valueName\":\"search_term_string\"}}],\"inLanguage\":\"da-DK\"}]}<\/script>\n<!-- \/ Yoast SEO plugin. -->","yoast_head_json":{"title":"Testet produkt: Netgear Nighthawk X10 - N\u00f8rd&#039;o&#039;teket","robots":{"index":"index","follow":"follow","max-snippet":"max-snippet:-1","max-image-preview":"max-image-preview:large","max-video-preview":"max-video-preview:-1"},"canonical":"https:\/\/noerdoteket.dk\/index.php\/testet-produkt-netgear-nighthawk-x10\/","og_locale":"da_DK","og_type":"article","og_title":"Testet produkt: Netgear Nighthawk X10 - N\u00f8rd&#039;o&#039;teket","og_description":"Produkt: High-end Wi-Fi router Min vurdering: PLUS Rigtig god performance og stabilitet Aktive antenner giver s\u00e6rdeles god r\u00e6kkevidde og evne til at gennemtr\u00e6nge forhindringer Kan udvides med 10G SFP modul MINUS: Dyr Bl\u00e6ser integreret, s\u00e5 risiko for at den ikke er lydl\u00f8s Artikler: Netgear Nighthawk X10 test og anmeldelse Videoer:","og_url":"https:\/\/noerdoteket.dk\/index.php\/testet-produkt-netgear-nighthawk-x10\/","og_site_name":"N\u00f8rd&#039;o&#039;teket","article_modified_time":"2020-02-03T13:14:38+00:00","twitter_card":"summary_large_image","schema":{"@context":"https:\/\/schema.org","@graph":[{"@type":"WebPage","@id":"https:\/\/noerdoteket.dk\/index.php\/testet-produkt-netgear-nighthawk-x10\/","url":"https:\/\/noerdoteket.dk\/index.php\/testet-produkt-netgear-nighthawk-x10\/","name":"Testet produkt: Netgear Nighthawk X10 - N\u00f8rd&#039;o&#039;teket","isPartOf":{"@id":"https:\/\/noerdoteket.dk\/#website"},"datePublished":"2018-03-23T22:02:48+00:00","dateModified":"2020-02-03T13:14:38+00:00","breadcrumb":{"@id":"https:\/\/noerdoteket.dk\/index.php\/testet-produkt-netgear-nighthawk-x10\/#breadcrumb"},"inLanguage":"da-DK","potentialAction":[{"@type":"ReadAction","target":["https:\/\/noerdoteket.dk\/index.php\/testet-produkt-netgear-nighthawk-x10\/"]}]},{"@type":"BreadcrumbList","@id":"https:\/\/noerdoteket.dk\/index.php\/testet-produkt-netgear-nighthawk-x10\/#breadcrumb","itemListElement":[{"@type":"ListItem","position":1,"name":"Hjem","item":"https:\/\/noerdoteket.dk\/"},{"@type":"ListItem","position":2,"name":"Testet produkt: Netgear Nighthawk X10"}]},{"@type":"WebSite","@id":"https:\/\/noerdoteket.dk\/#website","url":"https:\/\/noerdoteket.dk\/","name":"N\u00f8rd&#039;o&#039;teket","description":"L\u00f8st og fast om teknologi og dimser","potentialAction":[{"@type":"SearchAction","target":{"@type":"EntryPoint","urlTemplate":"https:\/\/noerdoteket.dk\/?s={search_term_string}"},"query-input":{"@type":"PropertyValueSpecification","valueRequired":true,"valueName":"search_term_string"}}],"inLanguage":"da-DK"}]}},"_links":{"self":[{"href":"https:\/\/noerdoteket.dk\/index.php\/wp-json\/wp\/v2\/pages\/1763","targetHints":{"allow":["GET"]}}],"collection":[{"href":"https:\/\/noerdoteket.dk\/index.php\/wp-json\/wp\/v2\/pages"}],"about":[{"href":"https:\/\/noerdoteket.dk\/index.php\/wp-json\/wp\/v2\/types\/page"}],"author":[{"embeddable":true,"href":"https:\/\/noerdoteket.dk\/index.php\/wp-json\/wp\/v2\/users\/1"}],"replies":[{"embeddable":true,"href":"https:\/\/noerdoteket.dk\/index.php\/wp-json\/wp\/v2\/comments?post=1763"}],"version-history":[{"count":4,"href":"https:\/\/noerdoteket.dk\/index.php\/wp-json\/wp\/v2\/pages\/1763\/revisions"}],"predecessor-version":[{"id":2212,"href":"https:\/\/noerdoteket.dk\/index.php\/wp-json\/wp\/v2\/pages\/1763\/revisions\/2212"}],"wp:attachment":[{"href":"https:\/\/noerdoteket.dk\/index.php\/wp-json\/wp\/v2\/media?parent=1763"}],"curies":[{"name":"wp","href":"https:\/\/api.w.org\/{rel}","templated":true}]}}