{"id":1775,"date":"2018-03-23T22:08:16","date_gmt":"2018-03-23T22:08:16","guid":{"rendered":"http:\/\/www.n\u00f8rdoteket.dk\/?page_id=1775"},"modified":"2020-02-03T14:18:22","modified_gmt":"2020-02-03T13:18:22","slug":"testet-produkt-asus-lyra","status":"publish","type":"page","link":"https:\/\/noerdoteket.dk\/index.php\/testet-produkt-asus-lyra\/","title":{"rendered":"Testet produkt: Asus Lyra"},"content":{"rendered":"<p><strong>Produkt:<\/strong> High-end Wi-Fi Extender<\/p>\n<p><strong>Min vurdering:<\/strong><\/p>\n<ul>\n<li>PLUS\n<ul>\n<li>P\u00e6nt design<\/li>\n<\/ul>\n<\/li>\n<li>MINUS:\n<ul>\n<li>Skuffende d\u00e5rlig performance for et produkt i den prisklasse<\/li>\n<li>Ustabilt link mellem AP og klienter<\/li>\n<li>&#8220;Server unresponsive&#8221;, n\u00e5r jeg fors\u00f8ger p\u00e5 firmware opdatering<\/li>\n<li>Kernefunktioner viser sig at v\u00e6re &#8220;beta&#8221;<\/li>\n<\/ul>\n<\/li>\n<\/ul>\n<script async src=\"\/\/pagead2.googlesyndication.com\/pagead\/js\/adsbygoogle.js\"><\/script>\r\n<!-- wp-inpost-add -->\r\n<ins class=\"adsbygoogle\"\r\n     style=\"display:block\"\r\n     data-ad-client=\"ca-pub-7793103161450012\"\r\n     data-ad-slot=\"1741650889\"\r\n     data-ad-format=\"auto\"><\/ins>\r\n<script>\r\n(adsbygoogle = window.adsbygoogle || []).push({});\r\n<\/script>\n<p><strong>Artikler:<\/strong><\/p>\n<p><a href=\"https:\/\/www.noerdoteket.dk\/index.php\/2017\/11\/24\/dont-mesh-with-asus-lyra\/\" target=\"_blank\" rel=\"noopener noreferrer\">Don&#8217;t mesh with Asus Lyra<\/a><\/p>\n<p><strong>Videoer:<\/strong><\/p>\n<p><iframe loading=\"lazy\" width=\"840\" height=\"473\" src=\"https:\/\/www.youtube.com\/embed\/VIomWO8iBhA?feature=oembed\" frameborder=\"0\" allow=\"autoplay; encrypted-media\" allowfullscreen><\/iframe><\/p>\n<script async src=\"https:\/\/pagead2.googlesyndication.com\/pagead\/js\/adsbygoogle.js\"><\/script>\r\n<!-- wp-ad-rect -->\r\n<ins class=\"adsbygoogle\"\r\n     style=\"display:block\"\r\n     data-ad-client=\"ca-pub-7793103161450012\"\r\n     data-ad-slot=\"8706514482\"\r\n     data-ad-format=\"auto\"><\/ins>\r\n<script>\r\n     (adsbygoogle = window.adsbygoogle || []).push({});\r\n<\/script>\n","protected":false},"excerpt":{"rendered":"<p>Produkt: High-end Wi-Fi Extender Min vurdering: PLUS P\u00e6nt design MINUS: Skuffende d\u00e5rlig performance for et produkt i den prisklasse Ustabilt link mellem AP og klienter &#8220;Server unresponsive&#8221;, n\u00e5r jeg fors\u00f8ger p\u00e5 firmware opdatering Kernefunktioner viser sig at v\u00e6re &#8220;beta&#8221; Artikler: Don&#8217;t mesh with Asus Lyra Videoer:<\/p>\n","protected":false},"author":1,"featured_media":0,"parent":0,"menu_order":0,"comment_status":"closed","ping_status":"closed","template":"","meta":{"footnotes":""},"class_list":["post-1775","page","type-page","status-publish","hentry"],"yoast_head":"<!-- This site is optimized with the Yoast SEO plugin v25.8 - https:\/\/yoast.com\/wordpress\/plugins\/seo\/ -->\n<title>Testet produkt: Asus Lyra - N\u00f8rd&#039;o&#039;teket<\/title>\n<meta name=\"robots\" content=\"index, follow, max-snippet:-1, max-image-preview:large, max-video-preview:-1\" \/>\n<link rel=\"canonical\" href=\"https:\/\/noerdoteket.dk\/index.php\/testet-produkt-asus-lyra\/\" \/>\n<meta property=\"og:locale\" content=\"da_DK\" \/>\n<meta property=\"og:type\" content=\"article\" \/>\n<meta property=\"og:title\" content=\"Testet produkt: Asus Lyra - N\u00f8rd&#039;o&#039;teket\" \/>\n<meta property=\"og:description\" content=\"Produkt: High-end Wi-Fi Extender Min vurdering: PLUS P\u00e6nt design MINUS: Skuffende d\u00e5rlig performance for et produkt i den prisklasse Ustabilt link mellem AP og klienter &#8220;Server unresponsive&#8221;, n\u00e5r jeg fors\u00f8ger p\u00e5 firmware opdatering Kernefunktioner viser sig at v\u00e6re &#8220;beta&#8221; Artikler: Don&#8217;t mesh with Asus Lyra Videoer:\" \/>\n<meta property=\"og:url\" content=\"https:\/\/noerdoteket.dk\/index.php\/testet-produkt-asus-lyra\/\" \/>\n<meta property=\"og:site_name\" content=\"N\u00f8rd&#039;o&#039;teket\" \/>\n<meta property=\"article:modified_time\" content=\"2020-02-03T13:18:22+00:00\" \/>\n<meta name=\"twitter:card\" content=\"summary_large_image\" \/>\n<script type=\"application\/ld+json\" class=\"yoast-schema-graph\">{\"@context\":\"https:\/\/schema.org\",\"@graph\":[{\"@type\":\"WebPage\",\"@id\":\"https:\/\/noerdoteket.dk\/index.php\/testet-produkt-asus-lyra\/\",\"url\":\"https:\/\/noerdoteket.dk\/index.php\/testet-produkt-asus-lyra\/\",\"name\":\"Testet produkt: Asus Lyra - N\u00f8rd&#039;o&#039;teket\",\"isPartOf\":{\"@id\":\"https:\/\/noerdoteket.dk\/#website\"},\"datePublished\":\"2018-03-23T22:08:16+00:00\",\"dateModified\":\"2020-02-03T13:18:22+00:00\",\"breadcrumb\":{\"@id\":\"https:\/\/noerdoteket.dk\/index.php\/testet-produkt-asus-lyra\/#breadcrumb\"},\"inLanguage\":\"da-DK\",\"potentialAction\":[{\"@type\":\"ReadAction\",\"target\":[\"https:\/\/noerdoteket.dk\/index.php\/testet-produkt-asus-lyra\/\"]}]},{\"@type\":\"BreadcrumbList\",\"@id\":\"https:\/\/noerdoteket.dk\/index.php\/testet-produkt-asus-lyra\/#breadcrumb\",\"itemListElement\":[{\"@type\":\"ListItem\",\"position\":1,\"name\":\"Hjem\",\"item\":\"https:\/\/noerdoteket.dk\/\"},{\"@type\":\"ListItem\",\"position\":2,\"name\":\"Testet produkt: Asus Lyra\"}]},{\"@type\":\"WebSite\",\"@id\":\"https:\/\/noerdoteket.dk\/#website\",\"url\":\"https:\/\/noerdoteket.dk\/\",\"name\":\"N\u00f8rd&#039;o&#039;teket\",\"description\":\"L\u00f8st og fast om teknologi og dimser\",\"potentialAction\":[{\"@type\":\"SearchAction\",\"target\":{\"@type\":\"EntryPoint\",\"urlTemplate\":\"https:\/\/noerdoteket.dk\/?s={search_term_string}\"},\"query-input\":{\"@type\":\"PropertyValueSpecification\",\"valueRequired\":true,\"valueName\":\"search_term_string\"}}],\"inLanguage\":\"da-DK\"}]}<\/script>\n<!-- \/ Yoast SEO plugin. -->","yoast_head_json":{"title":"Testet produkt: Asus Lyra - N\u00f8rd&#039;o&#039;teket","robots":{"index":"index","follow":"follow","max-snippet":"max-snippet:-1","max-image-preview":"max-image-preview:large","max-video-preview":"max-video-preview:-1"},"canonical":"https:\/\/noerdoteket.dk\/index.php\/testet-produkt-asus-lyra\/","og_locale":"da_DK","og_type":"article","og_title":"Testet produkt: Asus Lyra - N\u00f8rd&#039;o&#039;teket","og_description":"Produkt: High-end Wi-Fi Extender Min vurdering: PLUS P\u00e6nt design MINUS: Skuffende d\u00e5rlig performance for et produkt i den prisklasse Ustabilt link mellem AP og klienter &#8220;Server unresponsive&#8221;, n\u00e5r jeg fors\u00f8ger p\u00e5 firmware opdatering Kernefunktioner viser sig at v\u00e6re &#8220;beta&#8221; Artikler: Don&#8217;t mesh with Asus Lyra Videoer:","og_url":"https:\/\/noerdoteket.dk\/index.php\/testet-produkt-asus-lyra\/","og_site_name":"N\u00f8rd&#039;o&#039;teket","article_modified_time":"2020-02-03T13:18:22+00:00","twitter_card":"summary_large_image","schema":{"@context":"https:\/\/schema.org","@graph":[{"@type":"WebPage","@id":"https:\/\/noerdoteket.dk\/index.php\/testet-produkt-asus-lyra\/","url":"https:\/\/noerdoteket.dk\/index.php\/testet-produkt-asus-lyra\/","name":"Testet produkt: Asus Lyra - N\u00f8rd&#039;o&#039;teket","isPartOf":{"@id":"https:\/\/noerdoteket.dk\/#website"},"datePublished":"2018-03-23T22:08:16+00:00","dateModified":"2020-02-03T13:18:22+00:00","breadcrumb":{"@id":"https:\/\/noerdoteket.dk\/index.php\/testet-produkt-asus-lyra\/#breadcrumb"},"inLanguage":"da-DK","potentialAction":[{"@type":"ReadAction","target":["https:\/\/noerdoteket.dk\/index.php\/testet-produkt-asus-lyra\/"]}]},{"@type":"BreadcrumbList","@id":"https:\/\/noerdoteket.dk\/index.php\/testet-produkt-asus-lyra\/#breadcrumb","itemListElement":[{"@type":"ListItem","position":1,"name":"Hjem","item":"https:\/\/noerdoteket.dk\/"},{"@type":"ListItem","position":2,"name":"Testet produkt: Asus Lyra"}]},{"@type":"WebSite","@id":"https:\/\/noerdoteket.dk\/#website","url":"https:\/\/noerdoteket.dk\/","name":"N\u00f8rd&#039;o&#039;teket","description":"L\u00f8st og fast om teknologi og dimser","potentialAction":[{"@type":"SearchAction","target":{"@type":"EntryPoint","urlTemplate":"https:\/\/noerdoteket.dk\/?s={search_term_string}"},"query-input":{"@type":"PropertyValueSpecification","valueRequired":true,"valueName":"search_term_string"}}],"inLanguage":"da-DK"}]}},"_links":{"self":[{"href":"https:\/\/noerdoteket.dk\/index.php\/wp-json\/wp\/v2\/pages\/1775","targetHints":{"allow":["GET"]}}],"collection":[{"href":"https:\/\/noerdoteket.dk\/index.php\/wp-json\/wp\/v2\/pages"}],"about":[{"href":"https:\/\/noerdoteket.dk\/index.php\/wp-json\/wp\/v2\/types\/page"}],"author":[{"embeddable":true,"href":"https:\/\/noerdoteket.dk\/index.php\/wp-json\/wp\/v2\/users\/1"}],"replies":[{"embeddable":true,"href":"https:\/\/noerdoteket.dk\/index.php\/wp-json\/wp\/v2\/comments?post=1775"}],"version-history":[{"count":5,"href":"https:\/\/noerdoteket.dk\/index.php\/wp-json\/wp\/v2\/pages\/1775\/revisions"}],"predecessor-version":[{"id":2223,"href":"https:\/\/noerdoteket.dk\/index.php\/wp-json\/wp\/v2\/pages\/1775\/revisions\/2223"}],"wp:attachment":[{"href":"https:\/\/noerdoteket.dk\/index.php\/wp-json\/wp\/v2\/media?parent=1775"}],"curies":[{"name":"wp","href":"https:\/\/api.w.org\/{rel}","templated":true}]}}