{"id":1983,"date":"2018-07-28T08:59:52","date_gmt":"2018-07-28T08:59:52","guid":{"rendered":"http:\/\/www.n\u00f8rdoteket.dk\/?page_id=1983"},"modified":"2020-02-03T14:21:41","modified_gmt":"2020-02-03T13:21:41","slug":"testet-produkt-dkt-wave2-powerline","status":"publish","type":"page","link":"https:\/\/noerdoteket.dk\/index.php\/testet-produkt-dkt-wave2-powerline\/","title":{"rendered":"Testet produkt: DKT Wave2 Powerline"},"content":{"rendered":"<p><strong>Produkt:<\/strong>\u00a0Danskudviklet Wi-Fi AP\/extender med powerline backhaul<\/p>\n<p>Min vurdering: OK design. Meget god app med masser af relevant information. God stabilitet, men lidt for lav performance.<\/p>\n<p><strong>Min vurdering:<\/strong><\/p>\n<ul>\n<li>PLUS\n<ul>\n<li>L\u00e6kkert design.<\/li>\n<li>God App<\/li>\n<li>Stabilt link<\/li>\n<li>Meget let at installere<\/li>\n<\/ul>\n<\/li>\n<li>MINUS:\n<ul>\n<li>Skuffende performance<\/li>\n<li>For f\u00e5 ting som n\u00f8rden kan skrue p\u00e5<\/li>\n<\/ul>\n<\/li>\n<\/ul>\n<script async src=\"\/\/pagead2.googlesyndication.com\/pagead\/js\/adsbygoogle.js\"><\/script>\r\n<!-- wp-inpost-add -->\r\n<ins class=\"adsbygoogle\"\r\n     style=\"display:block\"\r\n     data-ad-client=\"ca-pub-7793103161450012\"\r\n     data-ad-slot=\"1741650889\"\r\n     data-ad-format=\"auto\"><\/ins>\r\n<script>\r\n(adsbygoogle = window.adsbygoogle || []).push({});\r\n<\/script>\n<p><strong>Artikler:<\/strong><\/p>\n<p>Wifi test:\u00a0<a href=\"https:\/\/www.noerdoteket.dk\/index.php\/2018\/07\/28\/dansk-udviklet-wi-fi-extender-med-powerline-test-anmeldelse\/\" target=\"_blank\" rel=\"noopener noreferrer\">Dansk udviklet Wi-Fi extender med powerline: Test &amp; anmeldelse<\/a><\/p>\n<p><strong>Videoer:<\/strong><\/p>\n<p><iframe loading=\"lazy\" width=\"840\" height=\"473\" src=\"https:\/\/www.youtube.com\/embed\/ceNTkWN765Q?feature=oembed\" frameborder=\"0\" allow=\"accelerometer; autoplay; encrypted-media; gyroscope; picture-in-picture\" allowfullscreen><\/iframe><\/p>\n<script async src=\"https:\/\/pagead2.googlesyndication.com\/pagead\/js\/adsbygoogle.js\"><\/script>\r\n<!-- wp-ad-rect -->\r\n<ins class=\"adsbygoogle\"\r\n     style=\"display:block\"\r\n     data-ad-client=\"ca-pub-7793103161450012\"\r\n     data-ad-slot=\"8706514482\"\r\n     data-ad-format=\"auto\"><\/ins>\r\n<script>\r\n     (adsbygoogle = window.adsbygoogle || []).push({});\r\n<\/script>\n","protected":false},"excerpt":{"rendered":"<p>Produkt:\u00a0Danskudviklet Wi-Fi AP\/extender med powerline backhaul Min vurdering: OK design. Meget god app med masser af relevant information. God stabilitet, men lidt for lav performance. Min vurdering: PLUS L\u00e6kkert design. God App Stabilt link Meget let at installere MINUS: Skuffende performance For f\u00e5 ting som n\u00f8rden kan skrue p\u00e5 Artikler: Wifi test:\u00a0Dansk udviklet Wi-Fi extender &hellip; <a href=\"https:\/\/noerdoteket.dk\/index.php\/testet-produkt-dkt-wave2-powerline\/\" class=\"more-link\">L\u00e6s videre<span class=\"screen-reader-text\"> &#8220;Testet produkt: DKT Wave2 Powerline&#8221;<\/span><\/a><\/p>\n","protected":false},"author":1,"featured_media":0,"parent":0,"menu_order":0,"comment_status":"closed","ping_status":"closed","template":"","meta":{"footnotes":""},"class_list":["post-1983","page","type-page","status-publish","hentry"],"yoast_head":"<!-- This site is optimized with the Yoast SEO plugin v25.8 - https:\/\/yoast.com\/wordpress\/plugins\/seo\/ -->\n<title>Testet produkt: DKT Wave2 Powerline - N\u00f8rd&#039;o&#039;teket<\/title>\n<meta name=\"robots\" content=\"index, follow, max-snippet:-1, max-image-preview:large, max-video-preview:-1\" \/>\n<link rel=\"canonical\" href=\"https:\/\/noerdoteket.dk\/index.php\/testet-produkt-dkt-wave2-powerline\/\" \/>\n<meta property=\"og:locale\" content=\"da_DK\" \/>\n<meta property=\"og:type\" content=\"article\" \/>\n<meta property=\"og:title\" content=\"Testet produkt: DKT Wave2 Powerline - N\u00f8rd&#039;o&#039;teket\" \/>\n<meta property=\"og:description\" content=\"Produkt:\u00a0Danskudviklet Wi-Fi AP\/extender med powerline backhaul Min vurdering: OK design. Meget god app med masser af relevant information. God stabilitet, men lidt for lav performance. Min vurdering: PLUS L\u00e6kkert design. God App Stabilt link Meget let at installere MINUS: Skuffende performance For f\u00e5 ting som n\u00f8rden kan skrue p\u00e5 Artikler: Wifi test:\u00a0Dansk udviklet Wi-Fi extender &hellip; L\u00e6s videre &quot;Testet produkt: DKT Wave2 Powerline&quot;\" \/>\n<meta property=\"og:url\" content=\"https:\/\/noerdoteket.dk\/index.php\/testet-produkt-dkt-wave2-powerline\/\" \/>\n<meta property=\"og:site_name\" content=\"N\u00f8rd&#039;o&#039;teket\" \/>\n<meta property=\"article:modified_time\" content=\"2020-02-03T13:21:41+00:00\" \/>\n<meta name=\"twitter:card\" content=\"summary_large_image\" \/>\n<script type=\"application\/ld+json\" class=\"yoast-schema-graph\">{\"@context\":\"https:\/\/schema.org\",\"@graph\":[{\"@type\":\"WebPage\",\"@id\":\"https:\/\/noerdoteket.dk\/index.php\/testet-produkt-dkt-wave2-powerline\/\",\"url\":\"https:\/\/noerdoteket.dk\/index.php\/testet-produkt-dkt-wave2-powerline\/\",\"name\":\"Testet produkt: DKT Wave2 Powerline - N\u00f8rd&#039;o&#039;teket\",\"isPartOf\":{\"@id\":\"https:\/\/noerdoteket.dk\/#website\"},\"datePublished\":\"2018-07-28T08:59:52+00:00\",\"dateModified\":\"2020-02-03T13:21:41+00:00\",\"breadcrumb\":{\"@id\":\"https:\/\/noerdoteket.dk\/index.php\/testet-produkt-dkt-wave2-powerline\/#breadcrumb\"},\"inLanguage\":\"da-DK\",\"potentialAction\":[{\"@type\":\"ReadAction\",\"target\":[\"https:\/\/noerdoteket.dk\/index.php\/testet-produkt-dkt-wave2-powerline\/\"]}]},{\"@type\":\"BreadcrumbList\",\"@id\":\"https:\/\/noerdoteket.dk\/index.php\/testet-produkt-dkt-wave2-powerline\/#breadcrumb\",\"itemListElement\":[{\"@type\":\"ListItem\",\"position\":1,\"name\":\"Hjem\",\"item\":\"https:\/\/noerdoteket.dk\/\"},{\"@type\":\"ListItem\",\"position\":2,\"name\":\"Testet produkt: DKT Wave2 Powerline\"}]},{\"@type\":\"WebSite\",\"@id\":\"https:\/\/noerdoteket.dk\/#website\",\"url\":\"https:\/\/noerdoteket.dk\/\",\"name\":\"N\u00f8rd&#039;o&#039;teket\",\"description\":\"L\u00f8st og fast om teknologi og dimser\",\"potentialAction\":[{\"@type\":\"SearchAction\",\"target\":{\"@type\":\"EntryPoint\",\"urlTemplate\":\"https:\/\/noerdoteket.dk\/?s={search_term_string}\"},\"query-input\":{\"@type\":\"PropertyValueSpecification\",\"valueRequired\":true,\"valueName\":\"search_term_string\"}}],\"inLanguage\":\"da-DK\"}]}<\/script>\n<!-- \/ Yoast SEO plugin. -->","yoast_head_json":{"title":"Testet produkt: DKT Wave2 Powerline - N\u00f8rd&#039;o&#039;teket","robots":{"index":"index","follow":"follow","max-snippet":"max-snippet:-1","max-image-preview":"max-image-preview:large","max-video-preview":"max-video-preview:-1"},"canonical":"https:\/\/noerdoteket.dk\/index.php\/testet-produkt-dkt-wave2-powerline\/","og_locale":"da_DK","og_type":"article","og_title":"Testet produkt: DKT Wave2 Powerline - N\u00f8rd&#039;o&#039;teket","og_description":"Produkt:\u00a0Danskudviklet Wi-Fi AP\/extender med powerline backhaul Min vurdering: OK design. Meget god app med masser af relevant information. God stabilitet, men lidt for lav performance. Min vurdering: PLUS L\u00e6kkert design. God App Stabilt link Meget let at installere MINUS: Skuffende performance For f\u00e5 ting som n\u00f8rden kan skrue p\u00e5 Artikler: Wifi test:\u00a0Dansk udviklet Wi-Fi extender &hellip; L\u00e6s videre \"Testet produkt: DKT Wave2 Powerline\"","og_url":"https:\/\/noerdoteket.dk\/index.php\/testet-produkt-dkt-wave2-powerline\/","og_site_name":"N\u00f8rd&#039;o&#039;teket","article_modified_time":"2020-02-03T13:21:41+00:00","twitter_card":"summary_large_image","schema":{"@context":"https:\/\/schema.org","@graph":[{"@type":"WebPage","@id":"https:\/\/noerdoteket.dk\/index.php\/testet-produkt-dkt-wave2-powerline\/","url":"https:\/\/noerdoteket.dk\/index.php\/testet-produkt-dkt-wave2-powerline\/","name":"Testet produkt: DKT Wave2 Powerline - N\u00f8rd&#039;o&#039;teket","isPartOf":{"@id":"https:\/\/noerdoteket.dk\/#website"},"datePublished":"2018-07-28T08:59:52+00:00","dateModified":"2020-02-03T13:21:41+00:00","breadcrumb":{"@id":"https:\/\/noerdoteket.dk\/index.php\/testet-produkt-dkt-wave2-powerline\/#breadcrumb"},"inLanguage":"da-DK","potentialAction":[{"@type":"ReadAction","target":["https:\/\/noerdoteket.dk\/index.php\/testet-produkt-dkt-wave2-powerline\/"]}]},{"@type":"BreadcrumbList","@id":"https:\/\/noerdoteket.dk\/index.php\/testet-produkt-dkt-wave2-powerline\/#breadcrumb","itemListElement":[{"@type":"ListItem","position":1,"name":"Hjem","item":"https:\/\/noerdoteket.dk\/"},{"@type":"ListItem","position":2,"name":"Testet produkt: DKT Wave2 Powerline"}]},{"@type":"WebSite","@id":"https:\/\/noerdoteket.dk\/#website","url":"https:\/\/noerdoteket.dk\/","name":"N\u00f8rd&#039;o&#039;teket","description":"L\u00f8st og fast om teknologi og dimser","potentialAction":[{"@type":"SearchAction","target":{"@type":"EntryPoint","urlTemplate":"https:\/\/noerdoteket.dk\/?s={search_term_string}"},"query-input":{"@type":"PropertyValueSpecification","valueRequired":true,"valueName":"search_term_string"}}],"inLanguage":"da-DK"}]}},"_links":{"self":[{"href":"https:\/\/noerdoteket.dk\/index.php\/wp-json\/wp\/v2\/pages\/1983","targetHints":{"allow":["GET"]}}],"collection":[{"href":"https:\/\/noerdoteket.dk\/index.php\/wp-json\/wp\/v2\/pages"}],"about":[{"href":"https:\/\/noerdoteket.dk\/index.php\/wp-json\/wp\/v2\/types\/page"}],"author":[{"embeddable":true,"href":"https:\/\/noerdoteket.dk\/index.php\/wp-json\/wp\/v2\/users\/1"}],"replies":[{"embeddable":true,"href":"https:\/\/noerdoteket.dk\/index.php\/wp-json\/wp\/v2\/comments?post=1983"}],"version-history":[{"count":3,"href":"https:\/\/noerdoteket.dk\/index.php\/wp-json\/wp\/v2\/pages\/1983\/revisions"}],"predecessor-version":[{"id":2227,"href":"https:\/\/noerdoteket.dk\/index.php\/wp-json\/wp\/v2\/pages\/1983\/revisions\/2227"}],"wp:attachment":[{"href":"https:\/\/noerdoteket.dk\/index.php\/wp-json\/wp\/v2\/media?parent=1983"}],"curies":[{"name":"wp","href":"https:\/\/api.w.org\/{rel}","templated":true}]}}