{"id":2316,"date":"2020-05-22T10:02:31","date_gmt":"2020-05-22T09:02:31","guid":{"rendered":"https:\/\/noerdoteket.dk\/?page_id=2316"},"modified":"2020-05-22T10:02:32","modified_gmt":"2020-05-22T09:02:32","slug":"testet-produkt-d-link-dir-809","status":"publish","type":"page","link":"https:\/\/noerdoteket.dk\/index.php\/testet-produkt-d-link-dir-809\/","title":{"rendered":"Testet produkt: D-Link DIR-809"},"content":{"rendered":"\n<p><strong><br>Produkt:<\/strong>\u00a0Low-cost Wi-Fi  router<\/p>\n\n\n\n<p>Min vurdering: Chokerende mange funktionelle fejl i softwaren. Jeg frar\u00e5der k\u00f8b!<\/p>\n\n\n\n<p><strong>Min vurdering:<\/strong><\/p>\n\n\n\n<ul class=\"wp-block-list\"><li>PLUS<ul><li>Billig<\/li><\/ul><\/li><li>MINUS:<ul><li>Lav performance<\/li><li>Mange grundl\u00e6ggende fejl i netv\u00e6rkslaget<\/li><\/ul><\/li><\/ul>\n\n\n\n<p><strong>Artikler:<\/strong><\/p>\n\n\n\n<figure class=\"wp-block-embed-wordpress wp-block-embed is-type-wp-embed is-provider-nord-039-o-039-teket\"><div class=\"wp-block-embed__wrapper\">\n<blockquote class=\"wp-embedded-content\" data-secret=\"VTPUa9CfQM\"><a href=\"https:\/\/noerdoteket.dk\/index.php\/2019\/11\/07\/chokerende-mange-grundlaeggende-fejl-i-d-link-router\/\">Chokerende mange grundl\u00e6ggende fejl i D-Link router!<\/a><\/blockquote><iframe loading=\"lazy\" title=\"&#8220;Chokerende mange grundl\u00e6ggende fejl i D-Link router!&#8221; &#8212; N\u00f8rd&#039;o&#039;teket\" class=\"wp-embedded-content\" sandbox=\"allow-scripts\" security=\"restricted\" style=\"position: absolute; clip: rect(1px, 1px, 1px, 1px);\" src=\"https:\/\/noerdoteket.dk\/index.php\/2019\/11\/07\/chokerende-mange-grundlaeggende-fejl-i-d-link-router\/embed\/#?secret=VTPUa9CfQM\" data-secret=\"VTPUa9CfQM\" width=\"600\" height=\"338\" frameborder=\"0\" marginwidth=\"0\" marginheight=\"0\" scrolling=\"no\"><\/iframe>\n<\/div><\/figure>\n\n\n\n<p><strong>Videoer:<\/strong><\/p>\n\n\n\n<figure class=\"wp-block-embed-youtube wp-block-embed is-type-video is-provider-youtube wp-embed-aspect-16-9 wp-has-aspect-ratio\"><div class=\"wp-block-embed__wrapper\">\n<iframe loading=\"lazy\" title=\"Kan man k\u00f8be en router for billigt? D-Link DIR-809\" width=\"840\" height=\"473\" src=\"https:\/\/www.youtube.com\/embed\/-vKATLq9OMI?feature=oembed\" frameborder=\"0\" allow=\"accelerometer; autoplay; encrypted-media; gyroscope; picture-in-picture\" allowfullscreen><\/iframe>\n<\/div><\/figure>\n","protected":false},"excerpt":{"rendered":"<p>Produkt:\u00a0Low-cost Wi-Fi router Min vurdering: Chokerende mange funktionelle fejl i softwaren. Jeg frar\u00e5der k\u00f8b! Min vurdering: PLUS Billig MINUS: Lav performance Mange grundl\u00e6ggende fejl i netv\u00e6rkslaget Artikler: Videoer:<\/p>\n","protected":false},"author":1,"featured_media":0,"parent":0,"menu_order":0,"comment_status":"closed","ping_status":"closed","template":"","meta":{"footnotes":""},"class_list":["post-2316","page","type-page","status-publish","hentry"],"yoast_head":"<!-- This site is optimized with the Yoast SEO plugin v25.8 - https:\/\/yoast.com\/wordpress\/plugins\/seo\/ -->\n<title>Testet produkt: D-Link DIR-809 - N\u00f8rd&#039;o&#039;teket<\/title>\n<meta name=\"robots\" content=\"index, follow, max-snippet:-1, max-image-preview:large, max-video-preview:-1\" \/>\n<link rel=\"canonical\" href=\"https:\/\/noerdoteket.dk\/index.php\/testet-produkt-d-link-dir-809\/\" \/>\n<meta property=\"og:locale\" content=\"da_DK\" \/>\n<meta property=\"og:type\" content=\"article\" \/>\n<meta property=\"og:title\" content=\"Testet produkt: D-Link DIR-809 - N\u00f8rd&#039;o&#039;teket\" \/>\n<meta property=\"og:description\" content=\"Produkt:\u00a0Low-cost Wi-Fi router Min vurdering: Chokerende mange funktionelle fejl i softwaren. Jeg frar\u00e5der k\u00f8b! Min vurdering: PLUS Billig MINUS: Lav performance Mange grundl\u00e6ggende fejl i netv\u00e6rkslaget Artikler: Videoer:\" \/>\n<meta property=\"og:url\" content=\"https:\/\/noerdoteket.dk\/index.php\/testet-produkt-d-link-dir-809\/\" \/>\n<meta property=\"og:site_name\" content=\"N\u00f8rd&#039;o&#039;teket\" \/>\n<meta property=\"article:modified_time\" content=\"2020-05-22T09:02:32+00:00\" \/>\n<meta name=\"twitter:card\" content=\"summary_large_image\" \/>\n<script type=\"application\/ld+json\" class=\"yoast-schema-graph\">{\"@context\":\"https:\/\/schema.org\",\"@graph\":[{\"@type\":\"WebPage\",\"@id\":\"https:\/\/noerdoteket.dk\/index.php\/testet-produkt-d-link-dir-809\/\",\"url\":\"https:\/\/noerdoteket.dk\/index.php\/testet-produkt-d-link-dir-809\/\",\"name\":\"Testet produkt: D-Link DIR-809 - N\u00f8rd&#039;o&#039;teket\",\"isPartOf\":{\"@id\":\"https:\/\/noerdoteket.dk\/#website\"},\"datePublished\":\"2020-05-22T09:02:31+00:00\",\"dateModified\":\"2020-05-22T09:02:32+00:00\",\"breadcrumb\":{\"@id\":\"https:\/\/noerdoteket.dk\/index.php\/testet-produkt-d-link-dir-809\/#breadcrumb\"},\"inLanguage\":\"da-DK\",\"potentialAction\":[{\"@type\":\"ReadAction\",\"target\":[\"https:\/\/noerdoteket.dk\/index.php\/testet-produkt-d-link-dir-809\/\"]}]},{\"@type\":\"BreadcrumbList\",\"@id\":\"https:\/\/noerdoteket.dk\/index.php\/testet-produkt-d-link-dir-809\/#breadcrumb\",\"itemListElement\":[{\"@type\":\"ListItem\",\"position\":1,\"name\":\"Hjem\",\"item\":\"https:\/\/noerdoteket.dk\/\"},{\"@type\":\"ListItem\",\"position\":2,\"name\":\"Testet produkt: D-Link DIR-809\"}]},{\"@type\":\"WebSite\",\"@id\":\"https:\/\/noerdoteket.dk\/#website\",\"url\":\"https:\/\/noerdoteket.dk\/\",\"name\":\"N\u00f8rd&#039;o&#039;teket\",\"description\":\"L\u00f8st og fast om teknologi og dimser\",\"potentialAction\":[{\"@type\":\"SearchAction\",\"target\":{\"@type\":\"EntryPoint\",\"urlTemplate\":\"https:\/\/noerdoteket.dk\/?s={search_term_string}\"},\"query-input\":{\"@type\":\"PropertyValueSpecification\",\"valueRequired\":true,\"valueName\":\"search_term_string\"}}],\"inLanguage\":\"da-DK\"}]}<\/script>\n<!-- \/ Yoast SEO plugin. -->","yoast_head_json":{"title":"Testet produkt: D-Link DIR-809 - N\u00f8rd&#039;o&#039;teket","robots":{"index":"index","follow":"follow","max-snippet":"max-snippet:-1","max-image-preview":"max-image-preview:large","max-video-preview":"max-video-preview:-1"},"canonical":"https:\/\/noerdoteket.dk\/index.php\/testet-produkt-d-link-dir-809\/","og_locale":"da_DK","og_type":"article","og_title":"Testet produkt: D-Link DIR-809 - N\u00f8rd&#039;o&#039;teket","og_description":"Produkt:\u00a0Low-cost Wi-Fi router Min vurdering: Chokerende mange funktionelle fejl i softwaren. Jeg frar\u00e5der k\u00f8b! Min vurdering: PLUS Billig MINUS: Lav performance Mange grundl\u00e6ggende fejl i netv\u00e6rkslaget Artikler: Videoer:","og_url":"https:\/\/noerdoteket.dk\/index.php\/testet-produkt-d-link-dir-809\/","og_site_name":"N\u00f8rd&#039;o&#039;teket","article_modified_time":"2020-05-22T09:02:32+00:00","twitter_card":"summary_large_image","schema":{"@context":"https:\/\/schema.org","@graph":[{"@type":"WebPage","@id":"https:\/\/noerdoteket.dk\/index.php\/testet-produkt-d-link-dir-809\/","url":"https:\/\/noerdoteket.dk\/index.php\/testet-produkt-d-link-dir-809\/","name":"Testet produkt: D-Link DIR-809 - N\u00f8rd&#039;o&#039;teket","isPartOf":{"@id":"https:\/\/noerdoteket.dk\/#website"},"datePublished":"2020-05-22T09:02:31+00:00","dateModified":"2020-05-22T09:02:32+00:00","breadcrumb":{"@id":"https:\/\/noerdoteket.dk\/index.php\/testet-produkt-d-link-dir-809\/#breadcrumb"},"inLanguage":"da-DK","potentialAction":[{"@type":"ReadAction","target":["https:\/\/noerdoteket.dk\/index.php\/testet-produkt-d-link-dir-809\/"]}]},{"@type":"BreadcrumbList","@id":"https:\/\/noerdoteket.dk\/index.php\/testet-produkt-d-link-dir-809\/#breadcrumb","itemListElement":[{"@type":"ListItem","position":1,"name":"Hjem","item":"https:\/\/noerdoteket.dk\/"},{"@type":"ListItem","position":2,"name":"Testet produkt: D-Link DIR-809"}]},{"@type":"WebSite","@id":"https:\/\/noerdoteket.dk\/#website","url":"https:\/\/noerdoteket.dk\/","name":"N\u00f8rd&#039;o&#039;teket","description":"L\u00f8st og fast om teknologi og dimser","potentialAction":[{"@type":"SearchAction","target":{"@type":"EntryPoint","urlTemplate":"https:\/\/noerdoteket.dk\/?s={search_term_string}"},"query-input":{"@type":"PropertyValueSpecification","valueRequired":true,"valueName":"search_term_string"}}],"inLanguage":"da-DK"}]}},"_links":{"self":[{"href":"https:\/\/noerdoteket.dk\/index.php\/wp-json\/wp\/v2\/pages\/2316","targetHints":{"allow":["GET"]}}],"collection":[{"href":"https:\/\/noerdoteket.dk\/index.php\/wp-json\/wp\/v2\/pages"}],"about":[{"href":"https:\/\/noerdoteket.dk\/index.php\/wp-json\/wp\/v2\/types\/page"}],"author":[{"embeddable":true,"href":"https:\/\/noerdoteket.dk\/index.php\/wp-json\/wp\/v2\/users\/1"}],"replies":[{"embeddable":true,"href":"https:\/\/noerdoteket.dk\/index.php\/wp-json\/wp\/v2\/comments?post=2316"}],"version-history":[{"count":4,"href":"https:\/\/noerdoteket.dk\/index.php\/wp-json\/wp\/v2\/pages\/2316\/revisions"}],"predecessor-version":[{"id":2321,"href":"https:\/\/noerdoteket.dk\/index.php\/wp-json\/wp\/v2\/pages\/2316\/revisions\/2321"}],"wp:attachment":[{"href":"https:\/\/noerdoteket.dk\/index.php\/wp-json\/wp\/v2\/media?parent=2316"}],"curies":[{"name":"wp","href":"https:\/\/api.w.org\/{rel}","templated":true}]}}