{"id":2327,"date":"2020-05-22T10:23:58","date_gmt":"2020-05-22T09:23:58","guid":{"rendered":"https:\/\/noerdoteket.dk\/?page_id=2327"},"modified":"2020-05-22T16:13:28","modified_gmt":"2020-05-22T15:13:28","slug":"testet-produkt-google-nest-wifi","status":"publish","type":"page","link":"https:\/\/noerdoteket.dk\/index.php\/testet-produkt-google-nest-wifi\/","title":{"rendered":"Testet produkt: Google Nest Wifi"},"content":{"rendered":"\n<p><strong>Produkt:<\/strong> Wi-Fi router med extender i et kit. Extenderen har indbygget Google Assistant.<\/p>\n\n\n\n<p>Min vurdering: OK performance og stabilitet, men jeg har personligt sv\u00e6rt ved at acceptere Googles t\u00f8rst for data om kunderne.<\/p>\n\n\n\n<p><strong>Min vurdering:<\/strong><\/p>\n\n\n\n<ul class=\"wp-block-list\"><li>PLUS:<ul><li>Performance p\u00e5 sv\u00e6re links er over gennemsnittet<\/li><li>L\u00e6kkert udseende og h\u00f8j WAF<\/li><li>Google Assistant og h\u00f8jttaler indbygget i satellit, s\u00e5 er man til den slags f\u00e5r man det med i k\u00f8bet.<\/li><li>Str\u00f8mforbrug er ok<\/li><\/ul><\/li><li>MINUS:<ul><li>H\u00f8j pris<\/li><li>Privacy?<\/li><li>Mangler Ethernet i satellit, s\u00e5 Ethernet backhaul ikke mulig<\/li><li>Mangler Wifi-6 support<\/li><\/ul><\/li><\/ul>\n\n\n\n<p>Artikler:<\/p>\n\n\n\n<figure class=\"wp-block-embed-wordpress wp-block-embed is-type-wp-embed is-provider-nord-039-o-039-teket\"><div class=\"wp-block-embed__wrapper\">\n<blockquote class=\"wp-embedded-content\" data-secret=\"VE07OZWNzU\"><a href=\"https:\/\/noerdoteket.dk\/index.php\/2020\/05\/20\/google-nest-wifi\/\">Google Nest Wifi<\/a><\/blockquote><iframe loading=\"lazy\" title=\"&#8220;Google Nest Wifi&#8221; &#8212; N\u00f8rd&#039;o&#039;teket\" class=\"wp-embedded-content\" sandbox=\"allow-scripts\" security=\"restricted\" style=\"position: absolute; clip: rect(1px, 1px, 1px, 1px);\" src=\"https:\/\/noerdoteket.dk\/index.php\/2020\/05\/20\/google-nest-wifi\/embed\/#?secret=VE07OZWNzU\" data-secret=\"VE07OZWNzU\" width=\"600\" height=\"338\" frameborder=\"0\" marginwidth=\"0\" marginheight=\"0\" scrolling=\"no\"><\/iframe>\n<\/div><\/figure>\n\n\n\n<p>Videoer:<\/p>\n\n\n\n<figure class=\"wp-block-embed-youtube wp-block-embed is-type-video is-provider-youtube wp-embed-aspect-16-9 wp-has-aspect-ratio\"><div class=\"wp-block-embed__wrapper\">\n<iframe loading=\"lazy\" title=\"Wi-Fi test#23: Google Nest Wifi - Farvel til dit privatliv?\" width=\"840\" height=\"473\" src=\"https:\/\/www.youtube.com\/embed\/xFJkzQBco8U?feature=oembed\" frameborder=\"0\" allow=\"accelerometer; autoplay; encrypted-media; gyroscope; picture-in-picture\" allowfullscreen><\/iframe>\n<\/div><\/figure>\n","protected":false},"excerpt":{"rendered":"<p>Produkt: Wi-Fi router med extender i et kit. Extenderen har indbygget Google Assistant. Min vurdering: OK performance og stabilitet, men jeg har personligt sv\u00e6rt ved at acceptere Googles t\u00f8rst for data om kunderne. Min vurdering: PLUS: Performance p\u00e5 sv\u00e6re links er over gennemsnittet L\u00e6kkert udseende og h\u00f8j WAF Google Assistant og h\u00f8jttaler indbygget i satellit, &hellip; <a href=\"https:\/\/noerdoteket.dk\/index.php\/testet-produkt-google-nest-wifi\/\" class=\"more-link\">L\u00e6s videre<span class=\"screen-reader-text\"> &#8220;Testet produkt: Google Nest Wifi&#8221;<\/span><\/a><\/p>\n","protected":false},"author":1,"featured_media":0,"parent":0,"menu_order":0,"comment_status":"closed","ping_status":"closed","template":"","meta":{"footnotes":""},"class_list":["post-2327","page","type-page","status-publish","hentry"],"yoast_head":"<!-- This site is optimized with the Yoast SEO plugin v25.8 - https:\/\/yoast.com\/wordpress\/plugins\/seo\/ -->\n<title>Testet produkt: Google Nest Wifi - N\u00f8rd&#039;o&#039;teket<\/title>\n<meta name=\"robots\" content=\"index, follow, max-snippet:-1, max-image-preview:large, max-video-preview:-1\" \/>\n<link rel=\"canonical\" href=\"https:\/\/noerdoteket.dk\/index.php\/testet-produkt-google-nest-wifi\/\" \/>\n<meta property=\"og:locale\" content=\"da_DK\" \/>\n<meta property=\"og:type\" content=\"article\" \/>\n<meta property=\"og:title\" content=\"Testet produkt: Google Nest Wifi - N\u00f8rd&#039;o&#039;teket\" \/>\n<meta property=\"og:description\" content=\"Produkt: Wi-Fi router med extender i et kit. Extenderen har indbygget Google Assistant. Min vurdering: OK performance og stabilitet, men jeg har personligt sv\u00e6rt ved at acceptere Googles t\u00f8rst for data om kunderne. Min vurdering: PLUS: Performance p\u00e5 sv\u00e6re links er over gennemsnittet L\u00e6kkert udseende og h\u00f8j WAF Google Assistant og h\u00f8jttaler indbygget i satellit, &hellip; L\u00e6s videre &quot;Testet produkt: Google Nest Wifi&quot;\" \/>\n<meta property=\"og:url\" content=\"https:\/\/noerdoteket.dk\/index.php\/testet-produkt-google-nest-wifi\/\" \/>\n<meta property=\"og:site_name\" content=\"N\u00f8rd&#039;o&#039;teket\" \/>\n<meta property=\"article:modified_time\" content=\"2020-05-22T15:13:28+00:00\" \/>\n<meta name=\"twitter:card\" content=\"summary_large_image\" \/>\n<meta name=\"twitter:label1\" content=\"Estimeret l\u00e6setid\" \/>\n\t<meta name=\"twitter:data1\" content=\"1 minut\" \/>\n<script type=\"application\/ld+json\" class=\"yoast-schema-graph\">{\"@context\":\"https:\/\/schema.org\",\"@graph\":[{\"@type\":\"WebPage\",\"@id\":\"https:\/\/noerdoteket.dk\/index.php\/testet-produkt-google-nest-wifi\/\",\"url\":\"https:\/\/noerdoteket.dk\/index.php\/testet-produkt-google-nest-wifi\/\",\"name\":\"Testet produkt: Google Nest Wifi - N\u00f8rd&#039;o&#039;teket\",\"isPartOf\":{\"@id\":\"https:\/\/noerdoteket.dk\/#website\"},\"datePublished\":\"2020-05-22T09:23:58+00:00\",\"dateModified\":\"2020-05-22T15:13:28+00:00\",\"breadcrumb\":{\"@id\":\"https:\/\/noerdoteket.dk\/index.php\/testet-produkt-google-nest-wifi\/#breadcrumb\"},\"inLanguage\":\"da-DK\",\"potentialAction\":[{\"@type\":\"ReadAction\",\"target\":[\"https:\/\/noerdoteket.dk\/index.php\/testet-produkt-google-nest-wifi\/\"]}]},{\"@type\":\"BreadcrumbList\",\"@id\":\"https:\/\/noerdoteket.dk\/index.php\/testet-produkt-google-nest-wifi\/#breadcrumb\",\"itemListElement\":[{\"@type\":\"ListItem\",\"position\":1,\"name\":\"Hjem\",\"item\":\"https:\/\/noerdoteket.dk\/\"},{\"@type\":\"ListItem\",\"position\":2,\"name\":\"Testet produkt: Google Nest Wifi\"}]},{\"@type\":\"WebSite\",\"@id\":\"https:\/\/noerdoteket.dk\/#website\",\"url\":\"https:\/\/noerdoteket.dk\/\",\"name\":\"N\u00f8rd&#039;o&#039;teket\",\"description\":\"L\u00f8st og fast om teknologi og dimser\",\"potentialAction\":[{\"@type\":\"SearchAction\",\"target\":{\"@type\":\"EntryPoint\",\"urlTemplate\":\"https:\/\/noerdoteket.dk\/?s={search_term_string}\"},\"query-input\":{\"@type\":\"PropertyValueSpecification\",\"valueRequired\":true,\"valueName\":\"search_term_string\"}}],\"inLanguage\":\"da-DK\"}]}<\/script>\n<!-- \/ Yoast SEO plugin. -->","yoast_head_json":{"title":"Testet produkt: Google Nest Wifi - N\u00f8rd&#039;o&#039;teket","robots":{"index":"index","follow":"follow","max-snippet":"max-snippet:-1","max-image-preview":"max-image-preview:large","max-video-preview":"max-video-preview:-1"},"canonical":"https:\/\/noerdoteket.dk\/index.php\/testet-produkt-google-nest-wifi\/","og_locale":"da_DK","og_type":"article","og_title":"Testet produkt: Google Nest Wifi - N\u00f8rd&#039;o&#039;teket","og_description":"Produkt: Wi-Fi router med extender i et kit. Extenderen har indbygget Google Assistant. Min vurdering: OK performance og stabilitet, men jeg har personligt sv\u00e6rt ved at acceptere Googles t\u00f8rst for data om kunderne. Min vurdering: PLUS: Performance p\u00e5 sv\u00e6re links er over gennemsnittet L\u00e6kkert udseende og h\u00f8j WAF Google Assistant og h\u00f8jttaler indbygget i satellit, &hellip; L\u00e6s videre \"Testet produkt: Google Nest Wifi\"","og_url":"https:\/\/noerdoteket.dk\/index.php\/testet-produkt-google-nest-wifi\/","og_site_name":"N\u00f8rd&#039;o&#039;teket","article_modified_time":"2020-05-22T15:13:28+00:00","twitter_card":"summary_large_image","twitter_misc":{"Estimeret l\u00e6setid":"1 minut"},"schema":{"@context":"https:\/\/schema.org","@graph":[{"@type":"WebPage","@id":"https:\/\/noerdoteket.dk\/index.php\/testet-produkt-google-nest-wifi\/","url":"https:\/\/noerdoteket.dk\/index.php\/testet-produkt-google-nest-wifi\/","name":"Testet produkt: Google Nest Wifi - N\u00f8rd&#039;o&#039;teket","isPartOf":{"@id":"https:\/\/noerdoteket.dk\/#website"},"datePublished":"2020-05-22T09:23:58+00:00","dateModified":"2020-05-22T15:13:28+00:00","breadcrumb":{"@id":"https:\/\/noerdoteket.dk\/index.php\/testet-produkt-google-nest-wifi\/#breadcrumb"},"inLanguage":"da-DK","potentialAction":[{"@type":"ReadAction","target":["https:\/\/noerdoteket.dk\/index.php\/testet-produkt-google-nest-wifi\/"]}]},{"@type":"BreadcrumbList","@id":"https:\/\/noerdoteket.dk\/index.php\/testet-produkt-google-nest-wifi\/#breadcrumb","itemListElement":[{"@type":"ListItem","position":1,"name":"Hjem","item":"https:\/\/noerdoteket.dk\/"},{"@type":"ListItem","position":2,"name":"Testet produkt: Google Nest Wifi"}]},{"@type":"WebSite","@id":"https:\/\/noerdoteket.dk\/#website","url":"https:\/\/noerdoteket.dk\/","name":"N\u00f8rd&#039;o&#039;teket","description":"L\u00f8st og fast om teknologi og dimser","potentialAction":[{"@type":"SearchAction","target":{"@type":"EntryPoint","urlTemplate":"https:\/\/noerdoteket.dk\/?s={search_term_string}"},"query-input":{"@type":"PropertyValueSpecification","valueRequired":true,"valueName":"search_term_string"}}],"inLanguage":"da-DK"}]}},"_links":{"self":[{"href":"https:\/\/noerdoteket.dk\/index.php\/wp-json\/wp\/v2\/pages\/2327","targetHints":{"allow":["GET"]}}],"collection":[{"href":"https:\/\/noerdoteket.dk\/index.php\/wp-json\/wp\/v2\/pages"}],"about":[{"href":"https:\/\/noerdoteket.dk\/index.php\/wp-json\/wp\/v2\/types\/page"}],"author":[{"embeddable":true,"href":"https:\/\/noerdoteket.dk\/index.php\/wp-json\/wp\/v2\/users\/1"}],"replies":[{"embeddable":true,"href":"https:\/\/noerdoteket.dk\/index.php\/wp-json\/wp\/v2\/comments?post=2327"}],"version-history":[{"count":2,"href":"https:\/\/noerdoteket.dk\/index.php\/wp-json\/wp\/v2\/pages\/2327\/revisions"}],"predecessor-version":[{"id":2332,"href":"https:\/\/noerdoteket.dk\/index.php\/wp-json\/wp\/v2\/pages\/2327\/revisions\/2332"}],"wp:attachment":[{"href":"https:\/\/noerdoteket.dk\/index.php\/wp-json\/wp\/v2\/media?parent=2327"}],"curies":[{"name":"wp","href":"https:\/\/api.w.org\/{rel}","templated":true}]}}